{"id":6859,"date":"2017-07-01T09:16:23","date_gmt":"2017-07-01T07:16:23","guid":{"rendered":"http:\/\/veloclubfaumont.fr\/?page_id=6859"},"modified":"2017-08-19T17:27:06","modified_gmt":"2017-08-19T15:27:06","slug":"vide-grenier-du-vc-faumont-2017","status":"publish","type":"page","link":"https:\/\/veloclubfaumont.fr\/index.php\/2017-2\/vide-grenier-du-vc-faumont-2017\/","title":{"rendered":"Vide-Grenier du VC Faumont 2017"},"content":{"rendered":"<p style=\"text-align: center;\"><a href=\"https:\/\/veloclubfaumont.fr\/index.php\/2017-2\/vide-grenier-du-vc-faumont-2017\/dsc_0044\/\" rel=\"attachment wp-att-7616\"><img loading=\"lazy\" decoding=\"async\" class=\"aligncenter size-large wp-image-7616\" src=\"https:\/\/veloclubfaumont.fr\/wp-content\/uploads\/2017\/07\/DSC_0044-1024x683.jpg\" alt=\"\" width=\"1024\" height=\"683\" srcset=\"https:\/\/veloclubfaumont.fr\/wp-content\/uploads\/2017\/07\/DSC_0044-1024x683.jpg 1024w, https:\/\/veloclubfaumont.fr\/wp-content\/uploads\/2017\/07\/DSC_0044-300x200.jpg 300w, https:\/\/veloclubfaumont.fr\/wp-content\/uploads\/2017\/07\/DSC_0044-768x512.jpg 768w\" sizes=\"auto, (max-width: 1024px) 100vw, 1024px\" \/><\/a><em>les pr\u00e9-inscriptions sont closes, il ne vous reste plus que les inscriptions sur place le jour J <\/em><br \/>\n<em>avec les emplacements restants<\/em><\/p>\n<hr>\n<p style=\"text-align: center;\"><a href=\"https:\/\/veloclubfaumont.fr\/index.php\/2017-2\/vide-grenier-du-vc-faumont-2017\/491650dsc0034\/\" rel=\"attachment wp-att-6861\"><img loading=\"lazy\" decoding=\"async\" class=\"aligncenter wp-image-6861 size-large\" src=\"https:\/\/veloclubfaumont.fr\/wp-content\/uploads\/2017\/07\/491650DSC0034-1024x683.jpg\" alt=\"\" width=\"1024\" height=\"683\" srcset=\"https:\/\/veloclubfaumont.fr\/wp-content\/uploads\/2017\/07\/491650DSC0034-1024x683.jpg 1024w, https:\/\/veloclubfaumont.fr\/wp-content\/uploads\/2017\/07\/491650DSC0034-300x200.jpg 300w, https:\/\/veloclubfaumont.fr\/wp-content\/uploads\/2017\/07\/491650DSC0034-768x512.jpg 768w, https:\/\/veloclubfaumont.fr\/wp-content\/uploads\/2017\/07\/491650DSC0034.jpg 1060w\" sizes=\"auto, (max-width: 1024px) 100vw, 1024px\" \/><\/a><em>Vide-grenier 2016<\/em><\/p>\n<p>Comme l&rsquo;ann\u00e9e derni\u00e8re, notre v\u00e9loclub organisera un vide-grenier (<a href=\"https:\/\/veloclubfaumont.fr\/index.php\/2016\/08\/27\/brocantevide-grenier-2016-du-veloclub-faumontois\/\">voir 2016<\/a>).<\/p>\n<p style=\"text-align: justify;\">Pour cette nouvelle \u00e9dition, notre braderie aura lieu le samedi 25 ao\u00fbt 2017 de 11h00 \u00e0 18h00 (le lendemain de notre <a href=\"https:\/\/veloclubfaumont.fr\/index.php\/2017-2\/rando-nocturne-vtt-de-faumont\/\">rando VTT nocturne<\/a>).<\/p>\n<p style=\"text-align: justify;\">Elle se d\u00e9roulera sur la Route Nationale (entre le rond-point et la sortie du village) et sera r\u00e9serv\u00e9e aux particuliers.<\/p>\n<p style=\"text-align: justify;\"><strong>L\u2019installation se fera \u00e0 partir de 7h00. <\/strong><\/p>\n<p style=\"text-align: justify;\"><strong>Le prix de l\u2019emplacement : 4\u20ac les 3 m\u00e8tres lin\u00e9aires<\/strong>.<\/p>\n<table>\n<tbody>\n<tr>\n<td style=\"text-align: center;\"><span style=\"font-family: comic sans ms,sans-serif; font-size: 14pt;\"><strong>Cette ann\u00e9e, les inscriptions se feront au local des associations (juste en face de la mairie de Faumont, en plein centre-ville route nationale) le samedi pr\u00e9c\u00e9dent (le 19 ao\u00fbt) de 9h00 \u00e0 11h00 pour les riverains et de 11h00 \u00e0 13h00 pour les ext\u00e9rieurs.<\/strong><\/span><\/td>\n<\/tr>\n<\/tbody>\n<\/table>\n<p style=\"text-align: justify;\"><span style=\"text-decoration: underline;\">Pour plus d\u2019infos<\/span> : t\u00e9l\u00e9phone : 06 79 76 31 55<\/p>\n<p style=\"text-align: center;\"><a href=\"https:\/\/veloclubfaumont.fr\/index.php\/2017-2\/vide-grenier-du-vc-faumont-2017\/flyer-braderie-2017\/\" rel=\"attachment wp-att-6860\"><img loading=\"lazy\" decoding=\"async\" class=\"aligncenter wp-image-6860 size-large\" src=\"https:\/\/veloclubfaumont.fr\/wp-content\/uploads\/2017\/07\/flyer-braderie-2017-719x1024.jpg\" alt=\"\" width=\"719\" height=\"1024\" srcset=\"https:\/\/veloclubfaumont.fr\/wp-content\/uploads\/2017\/07\/flyer-braderie-2017-719x1024.jpg 719w, https:\/\/veloclubfaumont.fr\/wp-content\/uploads\/2017\/07\/flyer-braderie-2017-210x300.jpg 210w, https:\/\/veloclubfaumont.fr\/wp-content\/uploads\/2017\/07\/flyer-braderie-2017-768x1095.jpg 768w, https:\/\/veloclubfaumont.fr\/wp-content\/uploads\/2017\/07\/flyer-braderie-2017.jpg 969w\" sizes=\"auto, (max-width: 719px) 100vw, 719px\" \/><\/a><\/p>\n","protected":false},"excerpt":{"rendered":"<p>les pr\u00e9-inscriptions sont closes, il ne vous reste plus que les inscriptions sur place le jour J avec les emplacements restants Vide-grenier 2016 Comme l&rsquo;ann\u00e9e derni\u00e8re, notre v\u00e9loclub organisera un&#8230;<\/p>\n","protected":false},"author":1,"featured_media":0,"parent":26,"menu_order":0,"comment_status":"closed","ping_status":"closed","template":"","meta":{"ngg_post_thumbnail":0,"jetpack_post_was_ever_published":false,"two_page_speed":[],"footnotes":""},"class_list":["post-6859","page","type-page","status-publish","hentry"],"jetpack_sharing_enabled":true,"jetpack_shortlink":"https:\/\/wp.me\/P8bXJp-1MD","_links":{"self":[{"href":"https:\/\/veloclubfaumont.fr\/index.php\/wp-json\/wp\/v2\/pages\/6859","targetHints":{"allow":["GET"]}}],"collection":[{"href":"https:\/\/veloclubfaumont.fr\/index.php\/wp-json\/wp\/v2\/pages"}],"about":[{"href":"https:\/\/veloclubfaumont.fr\/index.php\/wp-json\/wp\/v2\/types\/page"}],"author":[{"embeddable":true,"href":"https:\/\/veloclubfaumont.fr\/index.php\/wp-json\/wp\/v2\/users\/1"}],"replies":[{"embeddable":true,"href":"https:\/\/veloclubfaumont.fr\/index.php\/wp-json\/wp\/v2\/comments?post=6859"}],"version-history":[{"count":0,"href":"https:\/\/veloclubfaumont.fr\/index.php\/wp-json\/wp\/v2\/pages\/6859\/revisions"}],"up":[{"embeddable":true,"href":"https:\/\/veloclubfaumont.fr\/index.php\/wp-json\/wp\/v2\/pages\/26"}],"wp:attachment":[{"href":"https:\/\/veloclubfaumont.fr\/index.php\/wp-json\/wp\/v2\/media?parent=6859"}],"curies":[{"name":"wp","href":"https:\/\/api.w.org\/{rel}","templated":true}]}}