{"id":777,"date":"2016-12-13T19:37:20","date_gmt":"2016-12-13T18:37:20","guid":{"rendered":"http:\/\/veloclubfaumont.fr\/?page_id=777"},"modified":"2023-02-04T09:50:46","modified_gmt":"2023-02-04T08:50:46","slug":"sortie-a-fontainebleau","status":"publish","type":"page","link":"https:\/\/veloclubfaumont.fr\/index.php\/2015-2\/sortie-a-fontainebleau\/","title":{"rendered":"Sortie \u00e0 Fontainebleau"},"content":{"rendered":"<div class=\"entry-content clearfix\">\n<div>\n<p><span class=\"fbPhotoCaptionText\"><em>Le samedi 21 et dimanche 22 mars 2015, les VTTistes du VCF sont partis en week end du c\u00f4t\u00e9 de Fontainebleau pour participer \u00e0 la \u00ab&nbsp;Fontainebeleau&nbsp;\u00bb. Ils ont donc rejoint un g\u00eete \u00e0 quelques km de l\u00e0 qui a accueilli 10 membres valeureux du club : David, Sylvain, Jean-Louis, Gilles C, Philippe, Arnaud, Olivier, St\u00e9phane, Fr\u00e9d\u00e9ric et Vincent. <\/em><\/span><\/p>\n<\/div>\n<div>\n<ul>\n<li><strong>D\u00e9part de Faumont <\/strong><\/li>\n<\/ul>\n<p style=\"text-align: justify;\"><a href=\"https:\/\/veloclubfaumont.fr\/wp-content\/uploads\/2023\/02\/10987342_1551898511737711_7632617947910591044_o.jpg\"><img loading=\"lazy\" decoding=\"async\" class=\"alignleft wp-image-29811 \" src=\"https:\/\/veloclubfaumont.fr\/wp-content\/uploads\/2023\/02\/10987342_1551898511737711_7632617947910591044_o-300x200.jpg\" alt=\"\" width=\"373\" height=\"248\" srcset=\"https:\/\/veloclubfaumont.fr\/wp-content\/uploads\/2023\/02\/10987342_1551898511737711_7632617947910591044_o-300x200.jpg 300w, https:\/\/veloclubfaumont.fr\/wp-content\/uploads\/2023\/02\/10987342_1551898511737711_7632617947910591044_o-768x512.jpg 768w, https:\/\/veloclubfaumont.fr\/wp-content\/uploads\/2023\/02\/10987342_1551898511737711_7632617947910591044_o.jpg 1008w\" sizes=\"auto, (max-width: 373px) 100vw, 373px\" \/><\/a>2 voitures se sont donn\u00e9es rendez-vous sur la place de Faumont \u00e0 13h, la 3\u00e8me devant attendre Olivier qui \u00e9tait de garde le matin m\u00eame. Malgr\u00e9 un soleil absent, le moral est au beau fixe et l\u2019\u00e9quipe est fin pr\u00eate pour un voyage de plus de 300 km vers Sergines, village de l\u2019Yonne se situant \u00e0 50 km de la for\u00eat de Fontainebleau.&nbsp;<\/p>\n<\/div>\n<div>&nbsp;<\/div>\n<div>&nbsp;<\/div>\n<div style=\"text-align: justify;\"><a href=\"https:\/\/veloclubfaumont.fr\/wp-content\/uploads\/2023\/02\/1898818_1551899075070988_2805364768050327015_o.jpg\"><img loading=\"lazy\" decoding=\"async\" class=\"alignright  wp-image-29812\" src=\"https:\/\/veloclubfaumont.fr\/wp-content\/uploads\/2023\/02\/1898818_1551899075070988_2805364768050327015_o-300x200.jpg\" alt=\"\" width=\"347\" height=\"231\" srcset=\"https:\/\/veloclubfaumont.fr\/wp-content\/uploads\/2023\/02\/1898818_1551899075070988_2805364768050327015_o-300x200.jpg 300w, https:\/\/veloclubfaumont.fr\/wp-content\/uploads\/2023\/02\/1898818_1551899075070988_2805364768050327015_o-768x512.jpg 768w, https:\/\/veloclubfaumont.fr\/wp-content\/uploads\/2023\/02\/1898818_1551899075070988_2805364768050327015_o.jpg 1008w\" sizes=\"auto, (max-width: 347px) 100vw, 347px\" \/><\/a><\/div>\n<div>&nbsp;<\/div>\n<div style=\"text-align: justify;\"><span class=\"fbPhotoCaptionText\">Arriv\u00e9s vers 16h00, la premi\u00e8re voiture (David, Sylvain et Jean-Louis) est arriv\u00e9e sans encombres, \u00e9vitant de justesse un bouchon \u00e0 la sortie de Paris (merci le GPS), ce qui ne sera pas le cas de la deuxi\u00e8me qui arriva une heure apr\u00e8s\u2026.<\/span><\/div>\n<div>&nbsp;<\/div>\n<p style=\"text-align: justify;\">Situ\u00e9 en plein coeur d\u2019un charmant village, un tr\u00e8s beau gite attendait les 10 VTTistes. En attendant les autres, la ma\u00eetresse des lieux nous fait visiter sa charmante propri\u00e9t\u00e9.<\/p>\n<p style=\"text-align: justify;\"><span class=\"fbPhotoCaptionText\"><a href=\"https:\/\/veloclubfaumont.fr\/wp-content\/uploads\/2023\/02\/11071406_1551901355070760_5401682383875864773_o.jpg\"><img loading=\"lazy\" decoding=\"async\" class=\"alignleft  wp-image-29813\" src=\"https:\/\/veloclubfaumont.fr\/wp-content\/uploads\/2023\/02\/11071406_1551901355070760_5401682383875864773_o-300x200.jpg\" alt=\"\" width=\"374\" height=\"249\" srcset=\"https:\/\/veloclubfaumont.fr\/wp-content\/uploads\/2023\/02\/11071406_1551901355070760_5401682383875864773_o-300x200.jpg 300w, https:\/\/veloclubfaumont.fr\/wp-content\/uploads\/2023\/02\/11071406_1551901355070760_5401682383875864773_o-768x512.jpg 768w, https:\/\/veloclubfaumont.fr\/wp-content\/uploads\/2023\/02\/11071406_1551901355070760_5401682383875864773_o.jpg 1008w\" sizes=\"auto, (max-width: 374px) 100vw, 374px\" \/><\/a>En attendant le souper, les joyeux drilles allaient sortir leurs boules\u2026. de p\u00e9tanque et tester le boulodrome qui se trouvait au fond de la propri\u00e9t\u00e9 (qui sert \u00e9galement de centre international d\u2019enseignement de p\u00e9tanque).<\/span><\/p>\n<div>&nbsp;<\/div>\n<div style=\"text-align: justify;\"><span class=\"fbPhotoCaptionText\">Finalement, contre toute attente, la 3\u00e8me voiture (Gilles, Vincent et Olivier) arriva avant la 2\u00e8me (Fred, Philippe, Arnaud et St\u00e9phane) !<\/span><\/div>\n<div>&nbsp;<\/div>\n<div style=\"text-align: justify;\"><span class=\"fbPhotoCaptionText\">Ouf !!! Fred est enfin arriv\u00e9 apr\u00e8s plus d\u2019une heure de bouchon\u2026 Heureusement, il n\u2019est pas arriv\u00e9 les mains vides !!!&nbsp; Ce week-end s\u2019annonce sous de bons auspices\u2026.<\/span><\/div>\n<div>&nbsp;<\/div>\n<div><span class=\"fbPhotoCaptionText\">Il est maintenant grand temps de passer \u00e0 table et prendre des forces pour le lendemain qui s\u2019annonce assez \u00e9prouvant physiquement avec le sable et les mont\u00e9es de la for\u00eat de Fontainebleau\u2026<\/span><\/div>\n<div>&nbsp;<\/div>\n<div style=\"text-align: center;\"><a href=\"https:\/\/veloclubfaumont.fr\/wp-content\/uploads\/2023\/02\/11066540_1551902081737354_164196192212505110_o.jpg\"><img loading=\"lazy\" decoding=\"async\" class=\"aligncenter size-full wp-image-29814\" src=\"https:\/\/veloclubfaumont.fr\/wp-content\/uploads\/2023\/02\/11066540_1551902081737354_164196192212505110_o.jpg\" alt=\"\" width=\"1008\" height=\"672\" srcset=\"https:\/\/veloclubfaumont.fr\/wp-content\/uploads\/2023\/02\/11066540_1551902081737354_164196192212505110_o.jpg 1008w, https:\/\/veloclubfaumont.fr\/wp-content\/uploads\/2023\/02\/11066540_1551902081737354_164196192212505110_o-300x200.jpg 300w, https:\/\/veloclubfaumont.fr\/wp-content\/uploads\/2023\/02\/11066540_1551902081737354_164196192212505110_o-768x512.jpg 768w\" sizes=\"auto, (max-width: 1008px) 100vw, 1008px\" \/><\/a><\/div>\n<div>&nbsp;<\/div>\n<div style=\"text-align: justify;\"><span class=\"fbPhotoCaptionText\">Au menu : Soupe \u00e0 l\u2019oignon gratin\u00e9, Jambon de Bourgogne, Boeuf Bourguignon + pommes vapeur, plateau de fromages, et mousse au chocolat. Merci encore \u00e0 notre h\u00f4tesse pour ce bon repas.<\/span><\/div>\n<div>&nbsp;<\/div>\n<div style=\"text-align: center;\"><a href=\"https:\/\/veloclubfaumont.fr\/wp-content\/uploads\/2023\/02\/10845628_1551902915070604_4334067779311116883_o.jpg\"><img loading=\"lazy\" decoding=\"async\" class=\"size-medium wp-image-29815 alignleft\" src=\"https:\/\/veloclubfaumont.fr\/wp-content\/uploads\/2023\/02\/10845628_1551902915070604_4334067779311116883_o-300x200.jpg\" alt=\"\" width=\"300\" height=\"200\" srcset=\"https:\/\/veloclubfaumont.fr\/wp-content\/uploads\/2023\/02\/10845628_1551902915070604_4334067779311116883_o-300x200.jpg 300w, https:\/\/veloclubfaumont.fr\/wp-content\/uploads\/2023\/02\/10845628_1551902915070604_4334067779311116883_o-768x512.jpg 768w, https:\/\/veloclubfaumont.fr\/wp-content\/uploads\/2023\/02\/10845628_1551902915070604_4334067779311116883_o.jpg 1008w\" sizes=\"auto, (max-width: 300px) 100vw, 300px\" \/><\/a> <a href=\"https:\/\/veloclubfaumont.fr\/wp-content\/uploads\/2023\/02\/11015350_1551902718403957_7331895510059976281_o.jpg\"><img loading=\"lazy\" decoding=\"async\" class=\"alignright wp-image-29816 size-medium\" src=\"https:\/\/veloclubfaumont.fr\/wp-content\/uploads\/2023\/02\/11015350_1551902718403957_7331895510059976281_o-300x200.jpg\" alt=\"\" width=\"300\" height=\"200\" srcset=\"https:\/\/veloclubfaumont.fr\/wp-content\/uploads\/2023\/02\/11015350_1551902718403957_7331895510059976281_o-300x200.jpg 300w, https:\/\/veloclubfaumont.fr\/wp-content\/uploads\/2023\/02\/11015350_1551902718403957_7331895510059976281_o-768x512.jpg 768w, https:\/\/veloclubfaumont.fr\/wp-content\/uploads\/2023\/02\/11015350_1551902718403957_7331895510059976281_o.jpg 1008w\" sizes=\"auto, (max-width: 300px) 100vw, 300px\" \/><\/a><\/div>\n<div>&nbsp;<\/div>\n<div>&nbsp;<\/div>\n<div>&nbsp;<\/div>\n<div>&nbsp;<\/div>\n<div>&nbsp;<\/div>\n<div>&nbsp;<\/div>\n<div>&nbsp;<\/div>\n<div>&nbsp;<\/div>\n<div style=\"text-align: center;\"><em><span class=\"fbPhotoCaptionText\">Avant de tomber dans les bras de Morph\u00e9e, il y avait une ambiance \u00ab&nbsp;discoth\u00e8que&nbsp;\u00bb au g\u00eete\u2026<br \/>\nles voisins ont s\u00fbrement appr\u00e9ci\u00e9\u2026<\/span><\/em><\/div>\n<div>&nbsp;<\/div>\n<div>Apr\u00e8s avoir recharg\u00e9 les accus, il est maintenant grand temps de se pr\u00e9parer et \u00e0 prendre le d\u00e9part pour la fameuse rando\u2026 On est l\u00e0 quand m\u00eame pour \u00e7a !!!<\/div>\n<div>&nbsp;<\/div>\n<div style=\"text-align: center;\"><a href=\"https:\/\/veloclubfaumont.fr\/wp-content\/uploads\/2023\/02\/10854445_1551903275070568_8500421642295271939_o.jpg\"><img loading=\"lazy\" decoding=\"async\" class=\"aligncenter size-full wp-image-29817\" src=\"https:\/\/veloclubfaumont.fr\/wp-content\/uploads\/2023\/02\/10854445_1551903275070568_8500421642295271939_o.jpg\" alt=\"\" width=\"1008\" height=\"672\" srcset=\"https:\/\/veloclubfaumont.fr\/wp-content\/uploads\/2023\/02\/10854445_1551903275070568_8500421642295271939_o.jpg 1008w, https:\/\/veloclubfaumont.fr\/wp-content\/uploads\/2023\/02\/10854445_1551903275070568_8500421642295271939_o-300x200.jpg 300w, https:\/\/veloclubfaumont.fr\/wp-content\/uploads\/2023\/02\/10854445_1551903275070568_8500421642295271939_o-768x512.jpg 768w\" sizes=\"auto, (max-width: 1008px) 100vw, 1008px\" \/><\/a><\/div>\n<div style=\"text-align: center;\"><em>&nbsp;Derni\u00e8re photo de groupe avant de partir<\/em><\/div>\n<p>&nbsp;<\/p>\n<p>&nbsp;<\/p>\n<ul>\n<li><strong>La rando<\/strong><\/li>\n<\/ul>\n<p style=\"text-align: justify;\"><span class=\"fbPhotoCaptionText\"><em>Ce dimanche 22 mars, des VTTistes du VCF sont partis \u00e0 Fontainebleau pour participer \u00e0 la \u00ab&nbsp;Fontainebeleau&nbsp;\u00bb. David, Sylvain, Jean-Louis, Gilles C, Philippe, Arnaud, Olivier, St\u00e9phane, Fr\u00e9d\u00e9ric et Vincent \u00e9taient fin pr\u00eats pour affronter le sable et les c\u00f4tes bellifontains. <\/em><\/span><\/p>\n<p style=\"text-align: center;\"><a href=\"https:\/\/veloclubfaumont.fr\/wp-content\/uploads\/2023\/02\/10669057_1551940085066887_1002532231713411701_o.jpg\"><img loading=\"lazy\" decoding=\"async\" class=\"aligncenter size-full wp-image-29818\" src=\"https:\/\/veloclubfaumont.fr\/wp-content\/uploads\/2023\/02\/10669057_1551940085066887_1002532231713411701_o.jpg\" alt=\"\" width=\"1008\" height=\"672\" srcset=\"https:\/\/veloclubfaumont.fr\/wp-content\/uploads\/2023\/02\/10669057_1551940085066887_1002532231713411701_o.jpg 1008w, https:\/\/veloclubfaumont.fr\/wp-content\/uploads\/2023\/02\/10669057_1551940085066887_1002532231713411701_o-300x200.jpg 300w, https:\/\/veloclubfaumont.fr\/wp-content\/uploads\/2023\/02\/10669057_1551940085066887_1002532231713411701_o-768x512.jpg 768w\" sizes=\"auto, (max-width: 1008px) 100vw, 1008px\" \/><\/a><em>L\u2019\u00e9quipe a le sourire aux l\u00e8vres et est pr\u00eate \u00e0 en d\u00e9coudre avec le parcours tant attendu\u2026<\/em><\/p>\n<p style=\"text-align: center;\"><a href=\"https:\/\/veloclubfaumont.fr\/wp-content\/uploads\/2023\/02\/11032470_1551940365066859_6602118845287714588_o.jpg\"><img loading=\"lazy\" decoding=\"async\" class=\"aligncenter size-full wp-image-29819\" src=\"https:\/\/veloclubfaumont.fr\/wp-content\/uploads\/2023\/02\/11032470_1551940365066859_6602118845287714588_o.jpg\" alt=\"\" width=\"1008\" height=\"672\" srcset=\"https:\/\/veloclubfaumont.fr\/wp-content\/uploads\/2023\/02\/11032470_1551940365066859_6602118845287714588_o.jpg 1008w, https:\/\/veloclubfaumont.fr\/wp-content\/uploads\/2023\/02\/11032470_1551940365066859_6602118845287714588_o-300x200.jpg 300w, https:\/\/veloclubfaumont.fr\/wp-content\/uploads\/2023\/02\/11032470_1551940365066859_6602118845287714588_o-768x512.jpg 768w\" sizes=\"auto, (max-width: 1008px) 100vw, 1008px\" \/><\/a><em>pause ravito<\/em><\/p>\n<p style=\"text-align: center;\"><a href=\"https:\/\/veloclubfaumont.fr\/wp-content\/uploads\/2023\/02\/10999322_1551941535066742_5311830279604081636_o.jpg\"><img loading=\"lazy\" decoding=\"async\" class=\"aligncenter size-full wp-image-29820\" src=\"https:\/\/veloclubfaumont.fr\/wp-content\/uploads\/2023\/02\/10999322_1551941535066742_5311830279604081636_o.jpg\" alt=\"\" width=\"1008\" height=\"672\" srcset=\"https:\/\/veloclubfaumont.fr\/wp-content\/uploads\/2023\/02\/10999322_1551941535066742_5311830279604081636_o.jpg 1008w, https:\/\/veloclubfaumont.fr\/wp-content\/uploads\/2023\/02\/10999322_1551941535066742_5311830279604081636_o-300x200.jpg 300w, https:\/\/veloclubfaumont.fr\/wp-content\/uploads\/2023\/02\/10999322_1551941535066742_5311830279604081636_o-768x512.jpg 768w\" sizes=\"auto, (max-width: 1008px) 100vw, 1008px\" \/><\/a> <a href=\"https:\/\/veloclubfaumont.fr\/wp-content\/uploads\/2023\/02\/11079584_1551941261733436_7335871138469761793_o.jpg\"><img loading=\"lazy\" decoding=\"async\" class=\"aligncenter size-full wp-image-29821\" src=\"https:\/\/veloclubfaumont.fr\/wp-content\/uploads\/2023\/02\/11079584_1551941261733436_7335871138469761793_o.jpg\" alt=\"\" width=\"1008\" height=\"672\" srcset=\"https:\/\/veloclubfaumont.fr\/wp-content\/uploads\/2023\/02\/11079584_1551941261733436_7335871138469761793_o.jpg 1008w, https:\/\/veloclubfaumont.fr\/wp-content\/uploads\/2023\/02\/11079584_1551941261733436_7335871138469761793_o-300x200.jpg 300w, https:\/\/veloclubfaumont.fr\/wp-content\/uploads\/2023\/02\/11079584_1551941261733436_7335871138469761793_o-768x512.jpg 768w\" sizes=\"auto, (max-width: 1008px) 100vw, 1008px\" \/><\/a> <a href=\"https:\/\/veloclubfaumont.fr\/wp-content\/uploads\/2023\/02\/1800050_1551940925066803_5183193528637072319_o.jpg\"><img loading=\"lazy\" decoding=\"async\" class=\"aligncenter size-full wp-image-29822\" src=\"https:\/\/veloclubfaumont.fr\/wp-content\/uploads\/2023\/02\/1800050_1551940925066803_5183193528637072319_o.jpg\" alt=\"\" width=\"1008\" height=\"672\" srcset=\"https:\/\/veloclubfaumont.fr\/wp-content\/uploads\/2023\/02\/1800050_1551940925066803_5183193528637072319_o.jpg 1008w, https:\/\/veloclubfaumont.fr\/wp-content\/uploads\/2023\/02\/1800050_1551940925066803_5183193528637072319_o-300x200.jpg 300w, https:\/\/veloclubfaumont.fr\/wp-content\/uploads\/2023\/02\/1800050_1551940925066803_5183193528637072319_o-768x512.jpg 768w\" sizes=\"auto, (max-width: 1008px) 100vw, 1008px\" \/><\/a> <a href=\"https:\/\/veloclubfaumont.fr\/wp-content\/uploads\/2023\/02\/10841822_1551940758400153_6270539809568911899_o.jpg\"><img loading=\"lazy\" decoding=\"async\" class=\"aligncenter size-full wp-image-29823\" src=\"https:\/\/veloclubfaumont.fr\/wp-content\/uploads\/2023\/02\/10841822_1551940758400153_6270539809568911899_o.jpg\" alt=\"\" width=\"1008\" height=\"672\" srcset=\"https:\/\/veloclubfaumont.fr\/wp-content\/uploads\/2023\/02\/10841822_1551940758400153_6270539809568911899_o.jpg 1008w, https:\/\/veloclubfaumont.fr\/wp-content\/uploads\/2023\/02\/10841822_1551940758400153_6270539809568911899_o-300x200.jpg 300w, https:\/\/veloclubfaumont.fr\/wp-content\/uploads\/2023\/02\/10841822_1551940758400153_6270539809568911899_o-768x512.jpg 768w\" sizes=\"auto, (max-width: 1008px) 100vw, 1008px\" \/><\/a><em>Une petite pause sur l\u2019un des nombreux rochers de la for\u00eat<\/em><\/p>\n<div>\n<p style=\"text-align: justify;\">L\u2019accueil fut excellent, les organisateurs \u00e9taient un peu surpris de voir des participants venant d\u2019aussi loin ! Le VC Faumont s\u2019est un peu fait remarqu\u00e9, mais dans le bon sens fort heureusement !!! Bon, c\u2019est maintenant l\u2019heure de se changer et de pr\u00e9parer le retour \u00e0 la maison\u2026<\/p>\n<p style=\"text-align: center;\"><a href=\"https:\/\/veloclubfaumont.fr\/wp-content\/uploads\/2023\/02\/11082394_1553346574926238_4899142332514498614_o.jpg\"><img loading=\"lazy\" decoding=\"async\" class=\"aligncenter size-full wp-image-29825\" src=\"https:\/\/veloclubfaumont.fr\/wp-content\/uploads\/2023\/02\/11082394_1553346574926238_4899142332514498614_o.jpg\" alt=\"\" width=\"1000\" height=\"663\" srcset=\"https:\/\/veloclubfaumont.fr\/wp-content\/uploads\/2023\/02\/11082394_1553346574926238_4899142332514498614_o.jpg 1000w, https:\/\/veloclubfaumont.fr\/wp-content\/uploads\/2023\/02\/11082394_1553346574926238_4899142332514498614_o-300x199.jpg 300w, https:\/\/veloclubfaumont.fr\/wp-content\/uploads\/2023\/02\/11082394_1553346574926238_4899142332514498614_o-768x509.jpg 768w\" sizes=\"auto, (max-width: 1000px) 100vw, 1000px\" \/><\/a> <a href=\"https:\/\/veloclubfaumont.fr\/wp-content\/uploads\/2023\/02\/11084161_1551941661733396_5583726449479092665_o.jpg\"><img loading=\"lazy\" decoding=\"async\" class=\"alignleft wp-image-29826 \" src=\"https:\/\/veloclubfaumont.fr\/wp-content\/uploads\/2023\/02\/11084161_1551941661733396_5583726449479092665_o-300x200.jpg\" alt=\"\" width=\"395\" height=\"263\" srcset=\"https:\/\/veloclubfaumont.fr\/wp-content\/uploads\/2023\/02\/11084161_1551941661733396_5583726449479092665_o-300x200.jpg 300w, https:\/\/veloclubfaumont.fr\/wp-content\/uploads\/2023\/02\/11084161_1551941661733396_5583726449479092665_o-768x512.jpg 768w, https:\/\/veloclubfaumont.fr\/wp-content\/uploads\/2023\/02\/11084161_1551941661733396_5583726449479092665_o.jpg 1008w\" sizes=\"auto, (max-width: 395px) 100vw, 395px\" \/><\/a> <a href=\"https:\/\/veloclubfaumont.fr\/wp-content\/uploads\/2023\/02\/11075265_1551941605066735_4112254821578395455_o.jpg\"><img loading=\"lazy\" decoding=\"async\" class=\"alignright wp-image-29827 \" src=\"https:\/\/veloclubfaumont.fr\/wp-content\/uploads\/2023\/02\/11075265_1551941605066735_4112254821578395455_o-300x200.jpg\" alt=\"\" width=\"393\" height=\"262\" srcset=\"https:\/\/veloclubfaumont.fr\/wp-content\/uploads\/2023\/02\/11075265_1551941605066735_4112254821578395455_o-300x200.jpg 300w, https:\/\/veloclubfaumont.fr\/wp-content\/uploads\/2023\/02\/11075265_1551941605066735_4112254821578395455_o-768x512.jpg 768w, https:\/\/veloclubfaumont.fr\/wp-content\/uploads\/2023\/02\/11075265_1551941605066735_4112254821578395455_o.jpg 1008w\" sizes=\"auto, (max-width: 393px) 100vw, 393px\" \/><\/a><\/p>\n<p style=\"text-align: center;\"><a href=\"https:\/\/veloclubfaumont.fr\/wp-content\/uploads\/2023\/02\/11080668_1553347344926161_1480422689503582138_o.jpg\"><img loading=\"lazy\" decoding=\"async\" class=\"aligncenter size-full wp-image-29824\" src=\"https:\/\/veloclubfaumont.fr\/wp-content\/uploads\/2023\/02\/11080668_1553347344926161_1480422689503582138_o.jpg\" alt=\"\" width=\"1000\" height=\"667\" srcset=\"https:\/\/veloclubfaumont.fr\/wp-content\/uploads\/2023\/02\/11080668_1553347344926161_1480422689503582138_o.jpg 1000w, https:\/\/veloclubfaumont.fr\/wp-content\/uploads\/2023\/02\/11080668_1553347344926161_1480422689503582138_o-300x200.jpg 300w, https:\/\/veloclubfaumont.fr\/wp-content\/uploads\/2023\/02\/11080668_1553347344926161_1480422689503582138_o-768x512.jpg 768w\" sizes=\"auto, (max-width: 1000px) 100vw, 1000px\" \/><\/a><em><br \/>\nDerni\u00e8re photo souvenir \u00e0 la salle avant le retour \u00e0 Faumont\u2026<\/em><\/p>\n<\/div>\n<div>\n<p style=\"text-align: center;\">&nbsp;<\/p>\n<p style=\"text-align: center;\"><a href=\"https:\/\/www.facebook.com\/media\/set\/?set=a.1551898361737726.1073741915.1528374570756772&amp;type=3\" target=\"_blank\" rel=\"noopener\">Galerie Facebook &#8211; Le g\u00eete<\/a><\/p>\n<p style=\"text-align: center;\"><a href=\"https:\/\/www.facebook.com\/media\/set\/?set=a.1551936971733865&amp;type=3\" target=\"_blank\" rel=\"noopener\">Galerie Facebook &#8211; La Rando<\/a><\/p>\n<p style=\"text-align: center;\">&nbsp;<\/p>\n<\/div>\n<\/div>\n","protected":false},"excerpt":{"rendered":"<p>Le samedi 21 et dimanche 22 mars 2015, les VTTistes du VCF sont partis en week end du c\u00f4t\u00e9 de Fontainebleau pour participer \u00e0 la \u00ab&nbsp;Fontainebeleau&nbsp;\u00bb. Ils ont donc rejoint&#8230;<\/p>\n","protected":false},"author":1,"featured_media":29823,"parent":30,"menu_order":0,"comment_status":"closed","ping_status":"closed","template":"","meta":{"ngg_post_thumbnail":0,"jetpack_post_was_ever_published":false,"two_page_speed":[],"footnotes":""},"class_list":["post-777","page","type-page","status-publish","has-post-thumbnail","hentry"],"jetpack_sharing_enabled":true,"jetpack_shortlink":"https:\/\/wp.me\/P8bXJp-cx","_links":{"self":[{"href":"https:\/\/veloclubfaumont.fr\/index.php\/wp-json\/wp\/v2\/pages\/777","targetHints":{"allow":["GET"]}}],"collection":[{"href":"https:\/\/veloclubfaumont.fr\/index.php\/wp-json\/wp\/v2\/pages"}],"about":[{"href":"https:\/\/veloclubfaumont.fr\/index.php\/wp-json\/wp\/v2\/types\/page"}],"author":[{"embeddable":true,"href":"https:\/\/veloclubfaumont.fr\/index.php\/wp-json\/wp\/v2\/users\/1"}],"replies":[{"embeddable":true,"href":"https:\/\/veloclubfaumont.fr\/index.php\/wp-json\/wp\/v2\/comments?post=777"}],"version-history":[{"count":0,"href":"https:\/\/veloclubfaumont.fr\/index.php\/wp-json\/wp\/v2\/pages\/777\/revisions"}],"up":[{"embeddable":true,"href":"https:\/\/veloclubfaumont.fr\/index.php\/wp-json\/wp\/v2\/pages\/30"}],"wp:featuredmedia":[{"embeddable":true,"href":"https:\/\/veloclubfaumont.fr\/index.php\/wp-json\/wp\/v2\/media\/29823"}],"wp:attachment":[{"href":"https:\/\/veloclubfaumont.fr\/index.php\/wp-json\/wp\/v2\/media?parent=777"}],"curies":[{"name":"wp","href":"https:\/\/api.w.org\/{rel}","templated":true}]}}