{"id":781,"date":"2016-12-13T19:47:20","date_gmt":"2016-12-13T18:47:20","guid":{"rendered":"http:\/\/veloclubfaumont.fr\/?page_id=781"},"modified":"2016-12-13T20:02:37","modified_gmt":"2016-12-13T19:02:37","slug":"raid-paris-roubaix-vtt-2015","status":"publish","type":"page","link":"https:\/\/veloclubfaumont.fr\/index.php\/2015-2\/raid-paris-roubaix-vtt-2015\/","title":{"rendered":"Raid Paris-Roubaix VTT 2015"},"content":{"rendered":"<div class=\"entry-content clearfix\">\n<p style=\"text-align: center;\"><a href=\"https:\/\/veloclubfaumont.fr\/index.php\/2015-2\/raid-paris-roubaix-vtt-2015\/paris-roubaix2015\/\" rel=\"attachment wp-att-782\"><img loading=\"lazy\" decoding=\"async\" class=\"alignleft size-full wp-image-782\" src=\"https:\/\/veloclubfaumont.fr\/wp-content\/uploads\/2016\/12\/paris-roubaix2015.jpg\" alt=\"\" width=\"800\" height=\"380\" srcset=\"https:\/\/veloclubfaumont.fr\/wp-content\/uploads\/2016\/12\/paris-roubaix2015.jpg 800w, https:\/\/veloclubfaumont.fr\/wp-content\/uploads\/2016\/12\/paris-roubaix2015-300x143.jpg 300w, https:\/\/veloclubfaumont.fr\/wp-content\/uploads\/2016\/12\/paris-roubaix2015-768x365.jpg 768w\" sizes=\"auto, (max-width: 800px) 100vw, 800px\" \/><\/a><\/p>\n<p><span class=\"fbPhotoCaptionText\">Le 17 mai 2015, c\u2019est sous une belle matin\u00e9e ensoleill\u00e9e qu\u2019une bonne partie de l\u2019\u00e9quipe VTT du VC Faumont compos\u00e9e de Gilles Courtois, Fr\u00e9deric Bondue, Denis Raton, Olivier Jaboureck, Sylvain Duhamel <\/span><span class=\"fbPhotoCaptionText\">David Demagny, <\/span><span class=\"fbPhotoCaptionText\">Philippe Val et Arnaud Fournier s\u2019est rendue \u00e0 Wallers pour parcourir la centaine de km du Raid Paris-Roubaix. Le pari a \u00e9t\u00e9 atteint et tout le monde est arriv\u00e9 au v\u00e9lodrome \u00e0 bon port. Bravo \u00e0 eux !<\/span><\/p>\n<p style=\"text-align: center;\">&nbsp;<\/p>\n<!-- default-view.php -->\n<div\n\tclass=\"ngg-galleryoverview default-view  ngg-ajax-pagination-none\"\n\tid=\"ngg-gallery-95f0a7a959592f2cae48e887174847a7-1\">\n\n\t\t<!-- Thumbnails -->\n\t\t\t\t<div id=\"ngg-image-0\" class=\"ngg-gallery-thumbnail-box \" >\n\t\t\t\t        <div class=\"ngg-gallery-thumbnail\">\n            <a href=\"https:\/\/veloclubfaumont.fr\/wp-content\/gallery\/paris-roubaix-2015\/a30FaumontPaves.jpg\"\n               title=\"\"\n               data-src=\"https:\/\/veloclubfaumont.fr\/wp-content\/gallery\/paris-roubaix-2015\/a30FaumontPaves.jpg\"\n               data-thumbnail=\"https:\/\/veloclubfaumont.fr\/wp-content\/gallery\/paris-roubaix-2015\/thumbs\/thumbs_a30FaumontPaves.jpg\"\n               data-image-id=\"153\"\n               data-title=\"a30FaumontPaves\"\n               data-description=\"\"\n               data-image-slug=\"a30faumontpaves\"\n               class=\"ngg-fancybox\" rel=\"95f0a7a959592f2cae48e887174847a7\">\n                <img\n                    title=\"a30FaumontPaves\"\n                    alt=\"a30FaumontPaves\"\n                    src=\"https:\/\/veloclubfaumont.fr\/wp-content\/gallery\/paris-roubaix-2015\/thumbs\/thumbs_a30FaumontPaves.jpg\"\n                    width=\"240\"\n                    height=\"160\"\n                    style=\"max-width:100%;\"\n                \/>\n            <\/a>\n        <\/div>\n\t\t\t\t\t\t\t<\/div> \n\t\t\t\n\t\t\t\t<div id=\"ngg-image-1\" class=\"ngg-gallery-thumbnail-box \" >\n\t\t\t\t        <div class=\"ngg-gallery-thumbnail\">\n            <a href=\"https:\/\/veloclubfaumont.fr\/wp-content\/gallery\/paris-roubaix-2015\/xx.jpg\"\n               title=\"\"\n               data-src=\"https:\/\/veloclubfaumont.fr\/wp-content\/gallery\/paris-roubaix-2015\/xx.jpg\"\n               data-thumbnail=\"https:\/\/veloclubfaumont.fr\/wp-content\/gallery\/paris-roubaix-2015\/thumbs\/thumbs_xx.jpg\"\n               data-image-id=\"216\"\n               data-title=\"xx\"\n               data-description=\"\"\n               data-image-slug=\"xx\"\n               class=\"ngg-fancybox\" rel=\"95f0a7a959592f2cae48e887174847a7\">\n                <img\n                    title=\"xx\"\n                    alt=\"xx\"\n                    src=\"https:\/\/veloclubfaumont.fr\/wp-content\/gallery\/paris-roubaix-2015\/thumbs\/thumbs_xx.jpg\"\n                    width=\"240\"\n                    height=\"160\"\n                    style=\"max-width:100%;\"\n                \/>\n            <\/a>\n        <\/div>\n\t\t\t\t\t\t\t<\/div> \n\t\t\t\n\t\t\t\t<div id=\"ngg-image-2\" class=\"ngg-gallery-thumbnail-box \" >\n\t\t\t\t        <div class=\"ngg-gallery-thumbnail\">\n            <a href=\"https:\/\/veloclubfaumont.fr\/wp-content\/gallery\/paris-roubaix-2015\/7.jpg\"\n               title=\"\"\n               data-src=\"https:\/\/veloclubfaumont.fr\/wp-content\/gallery\/paris-roubaix-2015\/7.jpg\"\n               data-thumbnail=\"https:\/\/veloclubfaumont.fr\/wp-content\/gallery\/paris-roubaix-2015\/thumbs\/thumbs_7.jpg\"\n               data-image-id=\"144\"\n               data-title=\"7\"\n               data-description=\"\"\n               data-image-slug=\"7-1\"\n               class=\"ngg-fancybox\" rel=\"95f0a7a959592f2cae48e887174847a7\">\n                <img\n                    title=\"7\"\n                    alt=\"7\"\n                    src=\"https:\/\/veloclubfaumont.fr\/wp-content\/gallery\/paris-roubaix-2015\/thumbs\/thumbs_7.jpg\"\n                    width=\"240\"\n                    height=\"160\"\n                    style=\"max-width:100%;\"\n                \/>\n            <\/a>\n        <\/div>\n\t\t\t\t\t\t\t<\/div> \n\t\t\t\n\t\t\t\t<div id=\"ngg-image-3\" class=\"ngg-gallery-thumbnail-box \" >\n\t\t\t\t        <div class=\"ngg-gallery-thumbnail\">\n            <a href=\"https:\/\/veloclubfaumont.fr\/wp-content\/gallery\/paris-roubaix-2015\/a.jpg\"\n               title=\"\"\n               data-src=\"https:\/\/veloclubfaumont.fr\/wp-content\/gallery\/paris-roubaix-2015\/a.jpg\"\n               data-thumbnail=\"https:\/\/veloclubfaumont.fr\/wp-content\/gallery\/paris-roubaix-2015\/thumbs\/thumbs_a.jpg\"\n               data-image-id=\"152\"\n               data-title=\"a\"\n               data-description=\"\"\n               data-image-slug=\"a\"\n               class=\"ngg-fancybox\" rel=\"95f0a7a959592f2cae48e887174847a7\">\n                <img\n                    title=\"a\"\n                    alt=\"a\"\n                    src=\"https:\/\/veloclubfaumont.fr\/wp-content\/gallery\/paris-roubaix-2015\/thumbs\/thumbs_a.jpg\"\n                    width=\"240\"\n                    height=\"160\"\n                    style=\"max-width:100%;\"\n                \/>\n            <\/a>\n        <\/div>\n\t\t\t\t\t\t\t<\/div> \n\t\t\t\n\t\t\t\t<div id=\"ngg-image-4\" class=\"ngg-gallery-thumbnail-box \" >\n\t\t\t\t        <div class=\"ngg-gallery-thumbnail\">\n            <a href=\"https:\/\/veloclubfaumont.fr\/wp-content\/gallery\/paris-roubaix-2015\/IMG_20150523_153534.JPG\"\n               title=\"\"\n               data-src=\"https:\/\/veloclubfaumont.fr\/wp-content\/gallery\/paris-roubaix-2015\/IMG_20150523_153534.JPG\"\n               data-thumbnail=\"https:\/\/veloclubfaumont.fr\/wp-content\/gallery\/paris-roubaix-2015\/thumbs\/thumbs_IMG_20150523_153534.JPG\"\n               data-image-id=\"176\"\n               data-title=\"IMG_20150523_153534\"\n               data-description=\"\"\n               data-image-slug=\"img_20150523_153534\"\n               class=\"ngg-fancybox\" rel=\"95f0a7a959592f2cae48e887174847a7\">\n                <img\n                    title=\"IMG_20150523_153534\"\n                    alt=\"IMG_20150523_153534\"\n                    src=\"https:\/\/veloclubfaumont.fr\/wp-content\/gallery\/paris-roubaix-2015\/thumbs\/thumbs_IMG_20150523_153534.JPG\"\n                    width=\"240\"\n                    height=\"160\"\n                    style=\"max-width:100%;\"\n                \/>\n            <\/a>\n        <\/div>\n\t\t\t\t\t\t\t<\/div> \n\t\t\t\n\t\t\t\t<div id=\"ngg-image-5\" class=\"ngg-gallery-thumbnail-box \" >\n\t\t\t\t        <div class=\"ngg-gallery-thumbnail\">\n            <a href=\"https:\/\/veloclubfaumont.fr\/wp-content\/gallery\/paris-roubaix-2015\/logo.png\"\n               title=\"\"\n               data-src=\"https:\/\/veloclubfaumont.fr\/wp-content\/gallery\/paris-roubaix-2015\/logo.png\"\n               data-thumbnail=\"https:\/\/veloclubfaumont.fr\/wp-content\/gallery\/paris-roubaix-2015\/thumbs\/thumbs_logo.png\"\n               data-image-id=\"192\"\n               data-title=\"logo\"\n               data-description=\"\"\n               data-image-slug=\"logo\"\n               class=\"ngg-fancybox\" rel=\"95f0a7a959592f2cae48e887174847a7\">\n                <img\n                    title=\"logo\"\n                    alt=\"logo\"\n                    src=\"https:\/\/veloclubfaumont.fr\/wp-content\/gallery\/paris-roubaix-2015\/thumbs\/thumbs_logo.png\"\n                    width=\"197\"\n                    height=\"39\"\n                    style=\"max-width:100%;\"\n                \/>\n            <\/a>\n        <\/div>\n\t\t\t\t\t\t\t<\/div> \n\t\t\t\n\t\t\t\t<div id=\"ngg-image-6\" class=\"ngg-gallery-thumbnail-box \" >\n\t\t\t\t        <div class=\"ngg-gallery-thumbnail\">\n            <a href=\"https:\/\/veloclubfaumont.fr\/wp-content\/gallery\/paris-roubaix-2015\/000.jpg\"\n               title=\"\"\n               data-src=\"https:\/\/veloclubfaumont.fr\/wp-content\/gallery\/paris-roubaix-2015\/000.jpg\"\n               data-thumbnail=\"https:\/\/veloclubfaumont.fr\/wp-content\/gallery\/paris-roubaix-2015\/thumbs\/thumbs_000.jpg\"\n               data-image-id=\"129\"\n               data-title=\"000\"\n               data-description=\"\"\n               data-image-slug=\"000\"\n               class=\"ngg-fancybox\" rel=\"95f0a7a959592f2cae48e887174847a7\">\n                <img\n                    title=\"000\"\n                    alt=\"000\"\n                    src=\"https:\/\/veloclubfaumont.fr\/wp-content\/gallery\/paris-roubaix-2015\/thumbs\/thumbs_000.jpg\"\n                    width=\"240\"\n                    height=\"160\"\n                    style=\"max-width:100%;\"\n                \/>\n            <\/a>\n        <\/div>\n\t\t\t\t\t\t\t<\/div> \n\t\t\t\n\t\t\t\t<div id=\"ngg-image-7\" class=\"ngg-gallery-thumbnail-box \" >\n\t\t\t\t        <div class=\"ngg-gallery-thumbnail\">\n            <a href=\"https:\/\/veloclubfaumont.fr\/wp-content\/gallery\/paris-roubaix-2015\/0000.jpg\"\n               title=\"\"\n               data-src=\"https:\/\/veloclubfaumont.fr\/wp-content\/gallery\/paris-roubaix-2015\/0000.jpg\"\n               data-thumbnail=\"https:\/\/veloclubfaumont.fr\/wp-content\/gallery\/paris-roubaix-2015\/thumbs\/thumbs_0000.jpg\"\n               data-image-id=\"128\"\n               data-title=\"0000\"\n               data-description=\"\"\n               data-image-slug=\"0000\"\n               class=\"ngg-fancybox\" rel=\"95f0a7a959592f2cae48e887174847a7\">\n                <img\n                    title=\"0000\"\n                    alt=\"0000\"\n                    src=\"https:\/\/veloclubfaumont.fr\/wp-content\/gallery\/paris-roubaix-2015\/thumbs\/thumbs_0000.jpg\"\n                    width=\"240\"\n                    height=\"160\"\n                    style=\"max-width:100%;\"\n                \/>\n            <\/a>\n        <\/div>\n\t\t\t\t\t\t\t<\/div> \n\t\t\t\n\t\t\t\t<div id=\"ngg-image-8\" class=\"ngg-gallery-thumbnail-box \" >\n\t\t\t\t        <div class=\"ngg-gallery-thumbnail\">\n            <a href=\"https:\/\/veloclubfaumont.fr\/wp-content\/gallery\/paris-roubaix-2015\/03.jpg\"\n               title=\"\"\n               data-src=\"https:\/\/veloclubfaumont.fr\/wp-content\/gallery\/paris-roubaix-2015\/03.jpg\"\n               data-thumbnail=\"https:\/\/veloclubfaumont.fr\/wp-content\/gallery\/paris-roubaix-2015\/thumbs\/thumbs_03.jpg\"\n               data-image-id=\"136\"\n               data-title=\"03\"\n               data-description=\"\"\n               data-image-slug=\"03\"\n               class=\"ngg-fancybox\" rel=\"95f0a7a959592f2cae48e887174847a7\">\n                <img\n                    title=\"03\"\n                    alt=\"03\"\n                    src=\"https:\/\/veloclubfaumont.fr\/wp-content\/gallery\/paris-roubaix-2015\/thumbs\/thumbs_03.jpg\"\n                    width=\"240\"\n                    height=\"160\"\n                    style=\"max-width:100%;\"\n                \/>\n            <\/a>\n        <\/div>\n\t\t\t\t\t\t\t<\/div> \n\t\t\t\n\t\t\t\t<div id=\"ngg-image-9\" class=\"ngg-gallery-thumbnail-box \" >\n\t\t\t\t        <div class=\"ngg-gallery-thumbnail\">\n            <a href=\"https:\/\/veloclubfaumont.fr\/wp-content\/gallery\/paris-roubaix-2015\/zzzz.jpg\"\n               title=\"\"\n               data-src=\"https:\/\/veloclubfaumont.fr\/wp-content\/gallery\/paris-roubaix-2015\/zzzz.jpg\"\n               data-thumbnail=\"https:\/\/veloclubfaumont.fr\/wp-content\/gallery\/paris-roubaix-2015\/thumbs\/thumbs_zzzz.jpg\"\n               data-image-id=\"233\"\n               data-title=\"zzzz\"\n               data-description=\"\"\n               data-image-slug=\"zzzz\"\n               class=\"ngg-fancybox\" rel=\"95f0a7a959592f2cae48e887174847a7\">\n                <img\n                    title=\"zzzz\"\n                    alt=\"zzzz\"\n                    src=\"https:\/\/veloclubfaumont.fr\/wp-content\/gallery\/paris-roubaix-2015\/thumbs\/thumbs_zzzz.jpg\"\n                    width=\"240\"\n                    height=\"160\"\n                    style=\"max-width:100%;\"\n                \/>\n            <\/a>\n        <\/div>\n\t\t\t\t\t\t\t<\/div> \n\t\t\t\n\t\t\t\t<div id=\"ngg-image-10\" class=\"ngg-gallery-thumbnail-box \" >\n\t\t\t\t        <div class=\"ngg-gallery-thumbnail\">\n            <a href=\"https:\/\/veloclubfaumont.fr\/wp-content\/gallery\/paris-roubaix-2015\/8.jpg\"\n               title=\"\"\n               data-src=\"https:\/\/veloclubfaumont.fr\/wp-content\/gallery\/paris-roubaix-2015\/8.jpg\"\n               data-thumbnail=\"https:\/\/veloclubfaumont.fr\/wp-content\/gallery\/paris-roubaix-2015\/thumbs\/thumbs_8.jpg\"\n               data-image-id=\"145\"\n               data-title=\"8\"\n               data-description=\"\"\n               data-image-slug=\"8-1\"\n               class=\"ngg-fancybox\" rel=\"95f0a7a959592f2cae48e887174847a7\">\n                <img\n                    title=\"8\"\n                    alt=\"8\"\n                    src=\"https:\/\/veloclubfaumont.fr\/wp-content\/gallery\/paris-roubaix-2015\/thumbs\/thumbs_8.jpg\"\n                    width=\"240\"\n                    height=\"160\"\n                    style=\"max-width:100%;\"\n                \/>\n            <\/a>\n        <\/div>\n\t\t\t\t\t\t\t<\/div> \n\t\t\t\n\t\t\t\t<div id=\"ngg-image-11\" class=\"ngg-gallery-thumbnail-box \" >\n\t\t\t\t        <div class=\"ngg-gallery-thumbnail\">\n            <a href=\"https:\/\/veloclubfaumont.fr\/wp-content\/gallery\/paris-roubaix-2015\/t.jpg\"\n               title=\"\"\n               data-src=\"https:\/\/veloclubfaumont.fr\/wp-content\/gallery\/paris-roubaix-2015\/t.jpg\"\n               data-thumbnail=\"https:\/\/veloclubfaumont.fr\/wp-content\/gallery\/paris-roubaix-2015\/thumbs\/thumbs_t.jpg\"\n               data-image-id=\"200\"\n               data-title=\"t\"\n               data-description=\"\"\n               data-image-slug=\"t\"\n               class=\"ngg-fancybox\" rel=\"95f0a7a959592f2cae48e887174847a7\">\n                <img\n                    title=\"t\"\n                    alt=\"t\"\n                    src=\"https:\/\/veloclubfaumont.fr\/wp-content\/gallery\/paris-roubaix-2015\/thumbs\/thumbs_t.jpg\"\n                    width=\"240\"\n                    height=\"160\"\n                    style=\"max-width:100%;\"\n                \/>\n            <\/a>\n        <\/div>\n\t\t\t\t\t\t\t<\/div> \n\t\t\t\n\t\t\t\t<div id=\"ngg-image-12\" class=\"ngg-gallery-thumbnail-box \" >\n\t\t\t\t        <div class=\"ngg-gallery-thumbnail\">\n            <a href=\"https:\/\/veloclubfaumont.fr\/wp-content\/gallery\/paris-roubaix-2015\/e.jpg\"\n               title=\"\"\n               data-src=\"https:\/\/veloclubfaumont.fr\/wp-content\/gallery\/paris-roubaix-2015\/e.jpg\"\n               data-thumbnail=\"https:\/\/veloclubfaumont.fr\/wp-content\/gallery\/paris-roubaix-2015\/thumbs\/thumbs_e.jpg\"\n               data-image-id=\"168\"\n               data-title=\"e\"\n               data-description=\"\"\n               data-image-slug=\"e\"\n               class=\"ngg-fancybox\" rel=\"95f0a7a959592f2cae48e887174847a7\">\n                <img\n                    title=\"e\"\n                    alt=\"e\"\n                    src=\"https:\/\/veloclubfaumont.fr\/wp-content\/gallery\/paris-roubaix-2015\/thumbs\/thumbs_e.jpg\"\n                    width=\"240\"\n                    height=\"160\"\n                    style=\"max-width:100%;\"\n                \/>\n            <\/a>\n        <\/div>\n\t\t\t\t\t\t\t<\/div> \n\t\t\t\n\t\t\t\t<div id=\"ngg-image-13\" class=\"ngg-gallery-thumbnail-box \" >\n\t\t\t\t        <div class=\"ngg-gallery-thumbnail\">\n            <a href=\"https:\/\/veloclubfaumont.fr\/wp-content\/gallery\/paris-roubaix-2015\/vv.jpg\"\n               title=\"\"\n               data-src=\"https:\/\/veloclubfaumont.fr\/wp-content\/gallery\/paris-roubaix-2015\/vv.jpg\"\n               data-thumbnail=\"https:\/\/veloclubfaumont.fr\/wp-content\/gallery\/paris-roubaix-2015\/thumbs\/thumbs_vv.jpg\"\n               data-image-id=\"208\"\n               data-title=\"vv\"\n               data-description=\"\"\n               data-image-slug=\"vv\"\n               class=\"ngg-fancybox\" rel=\"95f0a7a959592f2cae48e887174847a7\">\n                <img\n                    title=\"vv\"\n                    alt=\"vv\"\n                    src=\"https:\/\/veloclubfaumont.fr\/wp-content\/gallery\/paris-roubaix-2015\/thumbs\/thumbs_vv.jpg\"\n                    width=\"240\"\n                    height=\"160\"\n                    style=\"max-width:100%;\"\n                \/>\n            <\/a>\n        <\/div>\n\t\t\t\t\t\t\t<\/div> \n\t\t\t\n\t\t\t\t<div id=\"ngg-image-14\" class=\"ngg-gallery-thumbnail-box \" >\n\t\t\t\t        <div class=\"ngg-gallery-thumbnail\">\n            <a href=\"https:\/\/veloclubfaumont.fr\/wp-content\/gallery\/paris-roubaix-2015\/IMG_0309.JPG\"\n               title=\"\"\n               data-src=\"https:\/\/veloclubfaumont.fr\/wp-content\/gallery\/paris-roubaix-2015\/IMG_0309.JPG\"\n               data-thumbnail=\"https:\/\/veloclubfaumont.fr\/wp-content\/gallery\/paris-roubaix-2015\/thumbs\/thumbs_IMG_0309.JPG\"\n               data-image-id=\"121\"\n               data-title=\"IMG_0309\"\n               data-description=\"\"\n               data-image-slug=\"img_0309\"\n               class=\"ngg-fancybox\" rel=\"95f0a7a959592f2cae48e887174847a7\">\n                <img\n                    title=\"IMG_0309\"\n                    alt=\"IMG_0309\"\n                    src=\"https:\/\/veloclubfaumont.fr\/wp-content\/gallery\/paris-roubaix-2015\/thumbs\/thumbs_IMG_0309.JPG\"\n                    width=\"240\"\n                    height=\"160\"\n                    style=\"max-width:100%;\"\n                \/>\n            <\/a>\n        <\/div>\n\t\t\t\t\t\t\t<\/div> \n\t\t\t\n\t\t\t\t<div id=\"ngg-image-15\" class=\"ngg-gallery-thumbnail-box \" >\n\t\t\t\t        <div class=\"ngg-gallery-thumbnail\">\n            <a href=\"https:\/\/veloclubfaumont.fr\/wp-content\/gallery\/paris-roubaix-2015\/IMG_0306.JPG\"\n               title=\"\"\n               data-src=\"https:\/\/veloclubfaumont.fr\/wp-content\/gallery\/paris-roubaix-2015\/IMG_0306.JPG\"\n               data-thumbnail=\"https:\/\/veloclubfaumont.fr\/wp-content\/gallery\/paris-roubaix-2015\/thumbs\/thumbs_IMG_0306.JPG\"\n               data-image-id=\"120\"\n               data-title=\"IMG_0306\"\n               data-description=\"\"\n               data-image-slug=\"img_0306\"\n               class=\"ngg-fancybox\" rel=\"95f0a7a959592f2cae48e887174847a7\">\n                <img\n                    title=\"IMG_0306\"\n                    alt=\"IMG_0306\"\n                    src=\"https:\/\/veloclubfaumont.fr\/wp-content\/gallery\/paris-roubaix-2015\/thumbs\/thumbs_IMG_0306.JPG\"\n                    width=\"240\"\n                    height=\"160\"\n                    style=\"max-width:100%;\"\n                \/>\n            <\/a>\n        <\/div>\n\t\t\t\t\t\t\t<\/div> \n\t\t\t\n\t\t\t\t<div id=\"ngg-image-16\" class=\"ngg-gallery-thumbnail-box \" >\n\t\t\t\t        <div class=\"ngg-gallery-thumbnail\">\n            <a href=\"https:\/\/veloclubfaumont.fr\/wp-content\/gallery\/paris-roubaix-2015\/3.jpg\"\n               title=\"\"\n               data-src=\"https:\/\/veloclubfaumont.fr\/wp-content\/gallery\/paris-roubaix-2015\/3.jpg\"\n               data-thumbnail=\"https:\/\/veloclubfaumont.fr\/wp-content\/gallery\/paris-roubaix-2015\/thumbs\/thumbs_3.jpg\"\n               data-image-id=\"137\"\n               data-title=\"3\"\n               data-description=\"\"\n               data-image-slug=\"3-1\"\n               class=\"ngg-fancybox\" rel=\"95f0a7a959592f2cae48e887174847a7\">\n                <img\n                    title=\"3\"\n                    alt=\"3\"\n                    src=\"https:\/\/veloclubfaumont.fr\/wp-content\/gallery\/paris-roubaix-2015\/thumbs\/thumbs_3.jpg\"\n                    width=\"240\"\n                    height=\"160\"\n                    style=\"max-width:100%;\"\n                \/>\n            <\/a>\n        <\/div>\n\t\t\t\t\t\t\t<\/div> \n\t\t\t\n\t\t\t\t<div id=\"ngg-image-17\" class=\"ngg-gallery-thumbnail-box \" >\n\t\t\t\t        <div class=\"ngg-gallery-thumbnail\">\n            <a href=\"https:\/\/veloclubfaumont.fr\/wp-content\/gallery\/paris-roubaix-2015\/bbbbb.jpg\"\n               title=\"\"\n               data-src=\"https:\/\/veloclubfaumont.fr\/wp-content\/gallery\/paris-roubaix-2015\/bbbbb.jpg\"\n               data-thumbnail=\"https:\/\/veloclubfaumont.fr\/wp-content\/gallery\/paris-roubaix-2015\/thumbs\/thumbs_bbbbb.jpg\"\n               data-image-id=\"160\"\n               data-title=\"bbbbb\"\n               data-description=\"\"\n               data-image-slug=\"bbbbb\"\n               class=\"ngg-fancybox\" rel=\"95f0a7a959592f2cae48e887174847a7\">\n                <img\n                    title=\"bbbbb\"\n                    alt=\"bbbbb\"\n                    src=\"https:\/\/veloclubfaumont.fr\/wp-content\/gallery\/paris-roubaix-2015\/thumbs\/thumbs_bbbbb.jpg\"\n                    width=\"240\"\n                    height=\"160\"\n                    style=\"max-width:100%;\"\n                \/>\n            <\/a>\n        <\/div>\n\t\t\t\t\t\t\t<\/div> \n\t\t\t\n\t\t\t\t<div id=\"ngg-image-18\" class=\"ngg-gallery-thumbnail-box \" >\n\t\t\t\t        <div class=\"ngg-gallery-thumbnail\">\n            <a href=\"https:\/\/veloclubfaumont.fr\/wp-content\/gallery\/paris-roubaix-2015\/IMG_20150523_154617.JPG\"\n               title=\"\"\n               data-src=\"https:\/\/veloclubfaumont.fr\/wp-content\/gallery\/paris-roubaix-2015\/IMG_20150523_154617.JPG\"\n               data-thumbnail=\"https:\/\/veloclubfaumont.fr\/wp-content\/gallery\/paris-roubaix-2015\/thumbs\/thumbs_IMG_20150523_154617.JPG\"\n               data-image-id=\"184\"\n               data-title=\"IMG_20150523_154617\"\n               data-description=\"\"\n               data-image-slug=\"img_20150523_154617\"\n               class=\"ngg-fancybox\" rel=\"95f0a7a959592f2cae48e887174847a7\">\n                <img\n                    title=\"IMG_20150523_154617\"\n                    alt=\"IMG_20150523_154617\"\n                    src=\"https:\/\/veloclubfaumont.fr\/wp-content\/gallery\/paris-roubaix-2015\/thumbs\/thumbs_IMG_20150523_154617.JPG\"\n                    width=\"240\"\n                    height=\"160\"\n                    style=\"max-width:100%;\"\n                \/>\n            <\/a>\n        <\/div>\n\t\t\t\t\t\t\t<\/div> \n\t\t\t\n\t\t\t\t<div id=\"ngg-image-19\" class=\"ngg-gallery-thumbnail-box \" >\n\t\t\t\t        <div class=\"ngg-gallery-thumbnail\">\n            <a href=\"https:\/\/veloclubfaumont.fr\/wp-content\/gallery\/paris-roubaix-2015\/yyyy.jpg\"\n               title=\"\"\n               data-src=\"https:\/\/veloclubfaumont.fr\/wp-content\/gallery\/paris-roubaix-2015\/yyyy.jpg\"\n               data-thumbnail=\"https:\/\/veloclubfaumont.fr\/wp-content\/gallery\/paris-roubaix-2015\/thumbs\/thumbs_yyyy.jpg\"\n               data-image-id=\"224\"\n               data-title=\"yyyy\"\n               data-description=\"\"\n               data-image-slug=\"yyyy\"\n               class=\"ngg-fancybox\" rel=\"95f0a7a959592f2cae48e887174847a7\">\n                <img\n                    title=\"yyyy\"\n                    alt=\"yyyy\"\n                    src=\"https:\/\/veloclubfaumont.fr\/wp-content\/gallery\/paris-roubaix-2015\/thumbs\/thumbs_yyyy.jpg\"\n                    width=\"240\"\n                    height=\"160\"\n                    style=\"max-width:100%;\"\n                \/>\n            <\/a>\n        <\/div>\n\t\t\t\t\t\t\t<\/div> \n\t\t\t\n\t\n\t<br style=\"clear: both\" \/>\n\n\t\t<div class=\"slideshowlink\">\n        <a href='https:\/\/veloclubfaumont.fr\/index.php\/2015-2\/raid-paris-roubaix-vtt-2015\/nggallery\/slideshow'>&#091;Montrer sous forme de diaporama&#093;<\/a>\n\t\t\n\t<\/div>\n\t\n\t\t<!-- Pagination -->\n\t<div class='ngg-navigation'><span class='current'>1<\/span>\n<a class='page-numbers' data-pageid='2' href='https:\/\/veloclubfaumont.fr\/index.php\/2015-2\/raid-paris-roubaix-vtt-2015\/nggallery\/page\/2'>2<\/a>\n<span class='ellipsis'>...<\/span>\n<a class='page-numbers' data-pageid='6' href='https:\/\/veloclubfaumont.fr\/index.php\/2015-2\/raid-paris-roubaix-vtt-2015\/nggallery\/page\/6'>6<\/a>\n<a class='prev' href='https:\/\/veloclubfaumont.fr\/index.php\/2015-2\/raid-paris-roubaix-vtt-2015\/nggallery\/page\/2' data-pageid=2>&#9658;<\/a><\/div>\t<\/div>\n<\/div>\n","protected":false},"excerpt":{"rendered":"<p>Le 17 mai 2015, c\u2019est sous une belle matin\u00e9e ensoleill\u00e9e qu\u2019une bonne partie de l\u2019\u00e9quipe VTT du VC Faumont compos\u00e9e de Gilles Courtois, Fr\u00e9deric Bondue, Denis Raton, Olivier Jaboureck, Sylvain&#8230;<\/p>\n","protected":false},"author":1,"featured_media":0,"parent":30,"menu_order":0,"comment_status":"closed","ping_status":"closed","template":"","meta":{"ngg_post_thumbnail":0,"jetpack_post_was_ever_published":false,"two_page_speed":[],"footnotes":""},"class_list":["post-781","page","type-page","status-publish","hentry"],"jetpack_sharing_enabled":true,"jetpack_shortlink":"https:\/\/wp.me\/P8bXJp-cB","_links":{"self":[{"href":"https:\/\/veloclubfaumont.fr\/index.php\/wp-json\/wp\/v2\/pages\/781","targetHints":{"allow":["GET"]}}],"collection":[{"href":"https:\/\/veloclubfaumont.fr\/index.php\/wp-json\/wp\/v2\/pages"}],"about":[{"href":"https:\/\/veloclubfaumont.fr\/index.php\/wp-json\/wp\/v2\/types\/page"}],"author":[{"embeddable":true,"href":"https:\/\/veloclubfaumont.fr\/index.php\/wp-json\/wp\/v2\/users\/1"}],"replies":[{"embeddable":true,"href":"https:\/\/veloclubfaumont.fr\/index.php\/wp-json\/wp\/v2\/comments?post=781"}],"version-history":[{"count":0,"href":"https:\/\/veloclubfaumont.fr\/index.php\/wp-json\/wp\/v2\/pages\/781\/revisions"}],"up":[{"embeddable":true,"href":"https:\/\/veloclubfaumont.fr\/index.php\/wp-json\/wp\/v2\/pages\/30"}],"wp:attachment":[{"href":"https:\/\/veloclubfaumont.fr\/index.php\/wp-json\/wp\/v2\/media?parent=781"}],"curies":[{"name":"wp","href":"https:\/\/api.w.org\/{rel}","templated":true}]}}