{"id":79,"date":"2016-12-09T23:44:36","date_gmt":"2016-12-09T22:44:36","guid":{"rendered":"http:\/\/veloclubfaumont.fr\/?page_id=79"},"modified":"2017-01-20T17:23:59","modified_gmt":"2017-01-20T16:23:59","slug":"chicon-bike-tour-2017-presentation-generale","status":"publish","type":"page","link":"https:\/\/veloclubfaumont.fr\/index.php\/2017-2\/chicon-bike-tour\/chicon-bike-tour-2017-presentation-generale\/","title":{"rendered":"Chicon Bike Tour 2017 : pr\u00e9sentation g\u00e9n\u00e9rale"},"content":{"rendered":"<p style=\"text-align: center;\"><img loading=\"lazy\" decoding=\"async\" class=\"aligncenter wp-image-11 size-large\" src=\"https:\/\/veloclubfaumont.fr\/wp-content\/uploads\/2016\/12\/flyer-cbt2017-internet-737x1024.jpg\" width=\"737\" height=\"1024\" srcset=\"https:\/\/veloclubfaumont.fr\/wp-content\/uploads\/2016\/12\/flyer-cbt2017-internet-737x1024.jpg 737w, https:\/\/veloclubfaumont.fr\/wp-content\/uploads\/2016\/12\/flyer-cbt2017-internet-216x300.jpg 216w, https:\/\/veloclubfaumont.fr\/wp-content\/uploads\/2016\/12\/flyer-cbt2017-internet-768x1068.jpg 768w, https:\/\/veloclubfaumont.fr\/wp-content\/uploads\/2016\/12\/flyer-cbt2017-internet.jpg 800w\" sizes=\"auto, (max-width: 737px) 100vw, 737px\" \/><\/p>\n<p style=\"text-align: center;\"><strong>SOMMAIRE :<\/strong><br \/>\n1- Page de Pr\u00e9sentation du Chicon Bike Tour<br \/>\n2- <a href=\"https:\/\/veloclubfaumont.fr\/index.php\/chicon-bike-tour\/chicon-bike-tour-2017-fiches-inscription-vttcyclomarche\/\">Fiches d\u2019inscription en ligne<\/a><br \/>\n3- <a href=\"https:\/\/veloclubfaumont.fr\/index.php\/chicon-bike-tour\/chicon-bike-tour-2017-presentation-des-parcours-vtt\/\">Pr\u00e9sentation des diff\u00e9rents parcours VTT<\/a><br \/>\n4- <a href=\"https:\/\/veloclubfaumont.fr\/index.php\/chicon-bike-tour\/presentation-des-2-parcours-cyclos\/\">Pr\u00e9sentation des diff\u00e9rents parcours Cyclos<\/a><br \/>\n5- <a href=\"https:\/\/veloclubfaumont.fr\/index.php\/chicon-bike-tour\/chicon-bike-tour-2017-presentation-des-parcours-marche\/\">Pr\u00e9sentation des diff\u00e9rents parcours Marche<br \/>\n<\/a>6- <a href=\"https:\/\/veloclubfaumont.fr\/index.php\/chicon-bike-tour\/chicon-bike-tour-2017-partenaires-et-sponsors\/\">Nos Partenaires et sponsors<br \/>\n<\/a>7- <a href=\"https:\/\/veloclubfaumont.fr\/index.php\/2017\/01\/15\/photos-cbt-2017\/\">Page liens photos, reportages et vid\u00e9os<\/a>&nbsp; <strong>!!NOUVEAU!!<\/strong><\/p>\n<p style=\"text-align: center;\">&nbsp;<\/p>\n<p style=\"text-align: center;\"><a href=\"http:\/\/veloclubfaumont.890m.com\/wp-content\/uploads\/2016\/10\/flyer-cbt2017-internet.jpg\"><strong><img loading=\"lazy\" decoding=\"async\" class=\"aligncenter wp-image-83 size-large\" src=\"https:\/\/veloclubfaumont.fr\/wp-content\/uploads\/2016\/12\/DSC_0105-1024x683.jpg\" width=\"1024\" height=\"683\" srcset=\"https:\/\/veloclubfaumont.fr\/wp-content\/uploads\/2016\/12\/DSC_0105-1024x683.jpg 1024w, https:\/\/veloclubfaumont.fr\/wp-content\/uploads\/2016\/12\/DSC_0105-300x200.jpg 300w, https:\/\/veloclubfaumont.fr\/wp-content\/uploads\/2016\/12\/DSC_0105-768x512.jpg 768w, https:\/\/veloclubfaumont.fr\/wp-content\/uploads\/2016\/12\/DSC_0105.jpg 1152w\" sizes=\"auto, (max-width: 1024px) 100vw, 1024px\" \/><\/strong><\/a><\/p>\n<p>Apr\u00e8s les f\u00eates de fin d&rsquo;ann\u00e9e, le V\u00e9loclub de Faumont (entre Douai et Orchies) organise sa fameuse rando avec 3 parcours VTT, 2 parcours cyclo, et 4 parcours marche autour de la P\u00e9v\u00e8le.<\/p>\n<p><strong>Miss Chicon<\/strong> et notre Pr\u00e9sident Gilles Barbieux seront encore l\u00e0 pour vous accueillir avec du Caf\u00e9 et des biscuits.<\/p>\n<p style=\"text-align: center;\"><img loading=\"lazy\" decoding=\"async\" class=\"aligncenter wp-image-85 size-large\" src=\"https:\/\/veloclubfaumont.fr\/wp-content\/uploads\/2016\/12\/DSC_0034-1024x683.jpg\" width=\"1024\" height=\"683\" srcset=\"https:\/\/veloclubfaumont.fr\/wp-content\/uploads\/2016\/12\/DSC_0034-1024x683.jpg 1024w, https:\/\/veloclubfaumont.fr\/wp-content\/uploads\/2016\/12\/DSC_0034-300x200.jpg 300w, https:\/\/veloclubfaumont.fr\/wp-content\/uploads\/2016\/12\/DSC_0034-768x512.jpg 768w, https:\/\/veloclubfaumont.fr\/wp-content\/uploads\/2016\/12\/DSC_0034.jpg 1152w\" sizes=\"auto, (max-width: 1024px) 100vw, 1024px\" \/><\/p>\n<p style=\"text-align: justify;\">Une <strong>Plaque de cadre<\/strong> offerte pour les 1000 premiers VTT. Au retour \u00e0 la salle : une <span style=\"text-decoration: underline;\">soupe aux chicons<\/span> + <span style=\"text-decoration: underline;\">sandwich<\/span> + <span style=\"text-decoration: underline;\">boisson<\/span> au retour et un <strong>sachet de chicons en cadeau<\/strong> \u00e0 chacun des participants. Bikewash pour les VTT + Photographes sur les parcours.<\/p>\n<p style=\"text-align: center;\"><a href=\"https:\/\/veloclubfaumont.fr\/index.php\/chicon-bike-tour\/chicon-bike-tour-2017-presentation-generale\/plaque-cadre-cbt-2017\/\" rel=\"attachment wp-att-3129\"><img loading=\"lazy\" decoding=\"async\" class=\"aligncenter wp-image-3129\" src=\"https:\/\/veloclubfaumont.fr\/wp-content\/uploads\/2016\/12\/plaque-cadre-cbt-2017-300x206.jpg\" width=\"400\" height=\"275\" srcset=\"https:\/\/veloclubfaumont.fr\/wp-content\/uploads\/2016\/12\/plaque-cadre-cbt-2017-300x206.jpg 300w, https:\/\/veloclubfaumont.fr\/wp-content\/uploads\/2016\/12\/plaque-cadre-cbt-2017-768x528.jpg 768w, https:\/\/veloclubfaumont.fr\/wp-content\/uploads\/2016\/12\/plaque-cadre-cbt-2017.jpg 886w\" sizes=\"auto, (max-width: 400px) 100vw, 400px\" \/><\/a><\/p>\n<p style=\"text-align: center;\"><em>Plaque de cadre VTT offerte par notre g\u00e9n\u00e9reux sponsor Johann Flon<\/em><br \/>\n<em>bas\u00e9 \u00e0 Raimbeaucourt (chauffage-sanitaire-installations solaires)<\/em><\/p>\n<p><strong>Nouveaut\u00e9 2017<\/strong> : une tombola (g\u00e9n\u00e9reusement offerte par nos diff\u00e9rents partenaires).<\/p>\n<p style=\"text-align: justify;\"><strong><img loading=\"lazy\" decoding=\"async\" class=\"alignleft wp-image-86 size-medium\" src=\"https:\/\/veloclubfaumont.fr\/wp-content\/uploads\/2016\/12\/DSC_0291-300x200.jpg\" width=\"300\" height=\"200\" srcset=\"https:\/\/veloclubfaumont.fr\/wp-content\/uploads\/2016\/12\/DSC_0291-300x200.jpg 300w, https:\/\/veloclubfaumont.fr\/wp-content\/uploads\/2016\/12\/DSC_0291-768x512.jpg 768w, https:\/\/veloclubfaumont.fr\/wp-content\/uploads\/2016\/12\/DSC_0291-1024x683.jpg 1024w, https:\/\/veloclubfaumont.fr\/wp-content\/uploads\/2016\/12\/DSC_0291.jpg 1152w\" sizes=\"auto, (max-width: 300px) 100vw, 300px\" \/>3 parcours VTT<\/strong> : 22 &#8211; 37 et 48 km avec 1 ravito sur le 37 et le 48 (mont\u00e9e de Mons en P\u00e9v\u00e8le et plusieurs terrils inclus). Nouveaut\u00e9 2017 : <span style=\"text-decoration: underline;\">un terril suppl\u00e9mentaire<\/span> au programme pour les grands parcours + une petite boucle sportive facultative de 2,5 km autour de Mons en P\u00e9v\u00e8le pour les 2 petits parcours. A noter enfin qu&rsquo;il ne devrait h\u00e9las pas avoir de ravitaillement sur le 22, mais nous vous proposerons une bouteille d&rsquo;eau et une barre \u00e9nerg\u00e9tique aux inscriptions \u00e0 la salle.<\/p>\n<p><img loading=\"lazy\" decoding=\"async\" class=\"alignright wp-image-87 size-medium\" src=\"https:\/\/veloclubfaumont.fr\/wp-content\/uploads\/2016\/12\/DSC06643-300x201.jpg\" width=\"300\" height=\"201\" srcset=\"https:\/\/veloclubfaumont.fr\/wp-content\/uploads\/2016\/12\/DSC06643-300x201.jpg 300w, https:\/\/veloclubfaumont.fr\/wp-content\/uploads\/2016\/12\/DSC06643-768x514.jpg 768w, https:\/\/veloclubfaumont.fr\/wp-content\/uploads\/2016\/12\/DSC06643-1024x686.jpg 1024w, https:\/\/veloclubfaumont.fr\/wp-content\/uploads\/2016\/12\/DSC06643.jpg 1162w\" sizes=\"auto, (max-width: 300px) 100vw, 300px\" \/><\/p>\n<p><strong>2 parcours cyclos<\/strong> : 35 et 50 km<\/p>\n<p><strong>5 parcours marche<\/strong> : 4 &#8211; 6 &#8211; 9 &#8211; 11 et 13 km<\/p>\n<hr>\n<p><strong>Tarifs :<\/strong><\/p>\n<p>VTT : licenci\u00e9s 4,50 \u20ac ; non licenci\u00e9s 5 \u20ac<br \/>\nCyclos : licenci\u00e9s 3,50 \u20ac ; non licenci\u00e9s 4 \u20ac<br \/>\nMarche : 3 \u20ac<\/p>\n<hr>\n<p>Accueil \u00e0 la salle des f\u00eates de Faumont, en plein centre-ville 742, rue nationale (voie principale entre R\u00e2ches et Seclin). Inscription et d\u00e9part de 7h30 \u00e0 10h00. Bonne ambiance assur\u00e9e.<\/p>\n<p>NB : ces informations sont susceptibles d&rsquo;\u00eatre modifi\u00e9es d&rsquo;ici le 15 janvier 2017.<\/p>\n<p style=\"text-align: center;\"><strong><span style=\"color: #ff0000;\"><a href=\"https:\/\/veloclubfaumont.fr\/index.php\/chicon-bike-tour\/chicon-bike-tour-2017-presentation-des-parcours-vtt\/\">CARTES ET PRESENTATION DES PARCOURS VTT ICI<\/a><br \/>\n<\/span><\/strong><\/p>\n<p style=\"text-align: center;\"><a href=\"https:\/\/veloclubfaumont.fr\/index.php\/chicon-bike-tour\/presentation-des-2-parcours-cyclos\/\"><strong>CARTES ET PRESENTATION DES PARCOURS CYCLOS ICI<\/strong><\/a><\/p>\n<p style=\"text-align: center;\"><strong><span style=\"color: #ff0000;\"><a href=\"https:\/\/veloclubfaumont.fr\/index.php\/chicon-bike-tour\/chicon-bike-tour-2017-presentation-des-parcours-marche\/\">CARTES ET PRESENTATIONS DES PARCOURS MARCHE ICI<\/a><br \/>\n<\/span><\/strong><\/p>\n<p style=\"text-align: center;\"><strong><a href=\"https:\/\/veloclubfaumont.fr\/index.php\/chicon-bike-tour\/chicon-bike-tour-2017-fiches-inscription-vttcyclomarche\/\">FICHES D&rsquo;INSCRIPTIONS EN LIGNE ICI<\/a><\/strong><\/p>\n<p style=\"text-align: center;\"><strong><a href=\"http:\/\/Chicon Bike Tour 2017 : Partenaires et sponsors\">NOS PARTENAIRES ET SPONSORS<\/a><\/strong><\/p>\n<p style=\"text-align: center;\">Diaporama de l&rsquo;\u00e9dition 2016 :<\/p>\n<p style=\"text-align: center;\"><iframe loading=\"lazy\" src=\"https:\/\/www.youtube.com\/embed\/YR2oHKK8x1o\" allowfullscreen=\"allowfullscreen\" width=\"560\" height=\"315\" frameborder=\"0\"><\/iframe><\/p>\n<p style=\"text-align: center;\">(derni\u00e8re mise \u00e0 jour : 5 novembre 2016)<\/p>\n<div style=\"text-align: center;\"><iframe loading=\"lazy\" src=\"https:\/\/www.google.com\/maps\/embed?pb=!1m18!1m12!1m3!1d5080.229547170024!2d3.136463915154953!3d50.4575873947326!2m3!1f0!2f0!3f0!3m2!1i1024!2i768!4f13.1!3m3!1m2!1s0x47c2cfcf6c4a8b29%3A0x4de9d4ead86e6e55!2s767+Rue+nationale%2C+59310+Faumont!5e0!3m2!1sfr!2sfr!4v1474799079666\" allowfullscreen=\"allowfullscreen\" width=\"600\" height=\"450\" frameborder=\"0\"><\/iframe><\/div>\n","protected":false},"excerpt":{"rendered":"<p>SOMMAIRE : 1- Page de Pr\u00e9sentation du Chicon Bike Tour 2- Fiches d\u2019inscription en ligne 3- Pr\u00e9sentation des diff\u00e9rents parcours VTT 4- Pr\u00e9sentation des diff\u00e9rents parcours Cyclos 5- Pr\u00e9sentation des&#8230;<\/p>\n","protected":false},"author":1,"featured_media":0,"parent":68,"menu_order":1,"comment_status":"closed","ping_status":"closed","template":"","meta":{"ngg_post_thumbnail":0,"jetpack_post_was_ever_published":false,"two_page_speed":[],"footnotes":""},"class_list":["post-79","page","type-page","status-publish","hentry"],"jetpack_sharing_enabled":true,"jetpack_shortlink":"https:\/\/wp.me\/P8bXJp-1h","_links":{"self":[{"href":"https:\/\/veloclubfaumont.fr\/index.php\/wp-json\/wp\/v2\/pages\/79","targetHints":{"allow":["GET"]}}],"collection":[{"href":"https:\/\/veloclubfaumont.fr\/index.php\/wp-json\/wp\/v2\/pages"}],"about":[{"href":"https:\/\/veloclubfaumont.fr\/index.php\/wp-json\/wp\/v2\/types\/page"}],"author":[{"embeddable":true,"href":"https:\/\/veloclubfaumont.fr\/index.php\/wp-json\/wp\/v2\/users\/1"}],"replies":[{"embeddable":true,"href":"https:\/\/veloclubfaumont.fr\/index.php\/wp-json\/wp\/v2\/comments?post=79"}],"version-history":[{"count":0,"href":"https:\/\/veloclubfaumont.fr\/index.php\/wp-json\/wp\/v2\/pages\/79\/revisions"}],"up":[{"embeddable":true,"href":"https:\/\/veloclubfaumont.fr\/index.php\/wp-json\/wp\/v2\/pages\/68"}],"wp:attachment":[{"href":"https:\/\/veloclubfaumont.fr\/index.php\/wp-json\/wp\/v2\/media?parent=79"}],"curies":[{"name":"wp","href":"https:\/\/api.w.org\/{rel}","templated":true}]}}