{"id":8380,"date":"2017-10-18T13:51:26","date_gmt":"2017-10-18T11:51:26","guid":{"rendered":"http:\/\/veloclubfaumont.fr\/?page_id=8380"},"modified":"2018-01-16T20:38:43","modified_gmt":"2018-01-16T19:38:43","slug":"chicon-bike-tour-2018","status":"publish","type":"page","link":"https:\/\/veloclubfaumont.fr\/index.php\/2018-2\/chicon-bike-tour-2018\/","title":{"rendered":"Chicon Bike Tour 2018 : les parcours VTT"},"content":{"rendered":"<table style=\"background-color: #51ed56;\" border=\"2\">\n<tbody>\n<tr style=\"height: 67.6667px;\">\n<td style=\"text-align: justify; height: 67.6667px;\"><em><strong>A NOTER : suite \u00e0 un passage d\u00e9licat (boue tr\u00e8s pr\u00e9sente sur quelques m\u00e8tres) du c\u00f4t\u00e9 de Mons en P\u00e9v\u00e8le, nous avons d\u00e9cid\u00e9 de le supprimer. Les 2km perdus seront rattrap\u00e9s plus loin au retour (apr\u00e8s Leforest) au niveau de la Voie du Sucre pour le 30km. Si vous \u00eates sur la 21 ou la 45, vous pourrez selon votre forme emprunter cette boucle bonus (un panneau vous l&rsquo;indiquera). Les cartes&nbsp; propos\u00e9s sont donc l\u00e9g\u00e8rement diff\u00e9rents des v\u00e9ritables traces fl\u00e9ch\u00e9es sur place. Les traces GPS Openrunner sont par contre mises \u00e0 jour.<br \/>\n<\/strong><\/em><\/td>\n<\/tr>\n<\/tbody>\n<\/table>\n<p style=\"text-align: justify;\">Voici la page g\u00e9n\u00e9rale o\u00f9 sont rapidement pr\u00e9sent\u00e9s les 3 parcours officiels. Pour plus de d\u00e9tails, veuillez aller sur les pages d\u00e9dicac\u00e9es : <strong><a href=\"https:\/\/veloclubfaumont.fr\/index.php\/2018-2\/chicon-bike-tour-2018\/cbt-2018-le-21-km-vtt\/\"><span style=\"color: #339966;\">21 km familial<\/span><\/a> <\/strong>(D+ : 120 m &#8211; 1 ravito) &#8211;<strong> <a href=\"https:\/\/veloclubfaumont.fr\/index.php\/2018-2\/chicon-bike-tour-2018\/cbt-2018-le-30-km-vtt\/\"><span style=\"color: #ff9900;\"><span style=\"color: #ff6600;\">30 km interm\u00e9diaire<\/span><\/span><\/a><\/strong> (D+ : 200m &#8211; 1 ravito) <strong>&#8211; <a href=\"https:\/\/veloclubfaumont.fr\/index.php\/2018-2\/chicon-bike-tour-2018\/cbt-2018-le-45-km-vtt\/\"><span style=\"color: #ff0000;\">45 km sportif<\/span><\/a> <\/strong>(D+ : 300m &#8211; 2 ravitos). (<em>cliquez sur les liens pour plus d&rsquo;infos sur le parcours choisi<\/em>)<\/p>\n<p style=\"text-align: justify;\">Si vous voulez un parcours interm\u00e9diaire plus sportif, vous pourrez faire un <span style=\"color: #ff00ff;\"><strong>35 km<\/strong><\/span> en laissant de c\u00f4t\u00e9 les pav\u00e9s de Paris-Roubaix mais en empruntant la boucle du terril d&rsquo;Evin-Malmaison en suivant au d\u00e9but le <strong>21 km<\/strong> puis le <strong>45 km<\/strong> apr\u00e8s le premier ravito (pas de balisage officiel \u00ab\u00a035\u00a0\u00bb, \u00e0 \u00e9tudier donc \u00e0 la salle ou ici avant de partir). Voir les d\u00e9tails plus bas ou sur la page <em>Parcours VTT 30 km<\/em>).<\/p>\n<p style=\"text-align: justify;\">A noter que cette ann\u00e9e, une nouveaut\u00e9 sera pr\u00e9sente sur les affichages parcours \u00e0 la salle : un <strong>QR Code<\/strong> sera disponible pour chacune des traces propos\u00e9es. Vous aurez ainsi le trac\u00e9 GPS sur votre Smartphone de la distance choisie pour \u00eatre certain de ne pas vous perdre et pour mieux visualiser votre parcours !<strong><br \/>\n<\/strong><\/p>\n<p style=\"text-align: justify;\"><strong>Tableau d\u00e9taill\u00e9 des 3 parcours propos\u00e9s (et du 4\u00e8me alternatif). Ce tableau sera aussi pr\u00e9sent \u00e0 la salle pour pouvoir flasher les QR Codes des traces GPS des diff\u00e9rents parcours propos\u00e9s sur votre smartphone :<\/strong><\/p>\n<p><a href=\"https:\/\/veloclubfaumont.fr\/index.php\/2018-2\/chicon-bike-tour-2018\/presentation-tableau-parcours-vtt-2018-2\/\" rel=\"attachment wp-att-8528\"><img loading=\"lazy\" decoding=\"async\" class=\"alignright size-large wp-image-8528\" src=\"https:\/\/veloclubfaumont.fr\/wp-content\/uploads\/2017\/10\/presentation-tableau-parcours-vtt-2018-1-1024x679.jpg\" alt=\"\" width=\"1024\" height=\"679\" srcset=\"https:\/\/veloclubfaumont.fr\/wp-content\/uploads\/2017\/10\/presentation-tableau-parcours-vtt-2018-1-1024x679.jpg 1024w, https:\/\/veloclubfaumont.fr\/wp-content\/uploads\/2017\/10\/presentation-tableau-parcours-vtt-2018-1-300x199.jpg 300w, https:\/\/veloclubfaumont.fr\/wp-content\/uploads\/2017\/10\/presentation-tableau-parcours-vtt-2018-1-768x509.jpg 768w, https:\/\/veloclubfaumont.fr\/wp-content\/uploads\/2017\/10\/presentation-tableau-parcours-vtt-2018-1.jpg 1203w\" sizes=\"auto, (max-width: 1024px) 100vw, 1024px\" \/><\/a><\/p>\n<p><a href=\"https:\/\/veloclubfaumont.fr\/index.php\/2018-2\/chicon-bike-tour-2018\/carte-vtt-en-images\/\" rel=\"attachment wp-att-8806\"><img loading=\"lazy\" decoding=\"async\" class=\"alignright size-large wp-image-8806\" src=\"https:\/\/veloclubfaumont.fr\/wp-content\/uploads\/2017\/10\/carte-vtt-en-images-1024x736.jpg\" alt=\"\" width=\"1024\" height=\"736\" srcset=\"https:\/\/veloclubfaumont.fr\/wp-content\/uploads\/2017\/10\/carte-vtt-en-images-1024x736.jpg 1024w, https:\/\/veloclubfaumont.fr\/wp-content\/uploads\/2017\/10\/carte-vtt-en-images-300x216.jpg 300w, https:\/\/veloclubfaumont.fr\/wp-content\/uploads\/2017\/10\/carte-vtt-en-images-768x552.jpg 768w, https:\/\/veloclubfaumont.fr\/wp-content\/uploads\/2017\/10\/carte-vtt-en-images.jpg 1656w\" sizes=\"auto, (max-width: 1024px) 100vw, 1024px\" \/><\/a><\/p>\n<p>&nbsp;<\/p>\n<p style=\"text-align: justify;\"><strong>Carte des 3 parcours officiels VTT 2018&nbsp; (<span style=\"color: #339966;\">21 km<\/span> \/ <span style=\"color: #0000ff;\">30 km<\/span> \/ <span style=\"color: #ff0000;\">45 km<\/span> + <span style=\"color: #ff00ff;\">un alternatif non balis\u00e9 <\/span><\/strong><strong><span style=\"color: #ff00ff;\">officiellement de 35km : 21km + 14km boucle Terril Evin<\/span>) :<\/strong><\/p>\n<p style=\"text-align: center;\"><a href=\"https:\/\/veloclubfaumont.fr\/index.php\/2018-2\/chicon-bike-tour-2018-2\/cbt-2018-le-30-km-vtt\/carte-vtt-30km-cbt-2018-3\/\" rel=\"attachment wp-att-9499\"><img loading=\"lazy\" decoding=\"async\" class=\"aligncenter size-large wp-image-9499\" src=\"https:\/\/veloclubfaumont.fr\/wp-content\/uploads\/2018\/01\/CARTE-VTT-30km-CBT-2018-1024x723.jpg\" alt=\"\" width=\"1024\" height=\"723\" srcset=\"https:\/\/veloclubfaumont.fr\/wp-content\/uploads\/2018\/01\/CARTE-VTT-30km-CBT-2018-1024x723.jpg 1024w, https:\/\/veloclubfaumont.fr\/wp-content\/uploads\/2018\/01\/CARTE-VTT-30km-CBT-2018-300x212.jpg 300w, https:\/\/veloclubfaumont.fr\/wp-content\/uploads\/2018\/01\/CARTE-VTT-30km-CBT-2018-768x543.jpg 768w, https:\/\/veloclubfaumont.fr\/wp-content\/uploads\/2018\/01\/CARTE-VTT-30km-CBT-2018.jpg 1162w\" sizes=\"auto, (max-width: 1024px) 100vw, 1024px\" \/><\/a><\/p>\n<p>&nbsp;<\/p>\n<p>&nbsp;<\/p>\n<hr>\n<p>&nbsp;<\/p>\n<p style=\"text-align: center;\"><strong>Cartes individuelles des 3 parcours VTT propos\u00e9s :<\/strong><\/p>\n<p><strong><em><span style=\"color: #339966;\">21 km (<span style=\"text-decoration: underline;\">sans<\/span> pav\u00e9s ni mont\u00e9e Mons en P\u00e9v\u00e8le, mais&nbsp; avec Terril de Leforest) avec 1 ravito :<br \/>\n<\/span><\/em><\/strong><\/p>\n<p style=\"text-align: center;\"><a href=\"https:\/\/veloclubfaumont.fr\/index.php\/2018-2\/chicon-bike-tour-2018\/cbt-2018-le-21-km-vtt\/carte-vtt-21km-cbt-2018-2\/\" rel=\"attachment wp-att-8609\"><img loading=\"lazy\" decoding=\"async\" class=\"alignright size-large wp-image-8609\" src=\"https:\/\/veloclubfaumont.fr\/wp-content\/uploads\/2017\/10\/CARTE-VTT-21km-CBT-2018-1-1024x686.jpg\" alt=\"\" width=\"1024\" height=\"686\" srcset=\"https:\/\/veloclubfaumont.fr\/wp-content\/uploads\/2017\/10\/CARTE-VTT-21km-CBT-2018-1-1024x686.jpg 1024w, https:\/\/veloclubfaumont.fr\/wp-content\/uploads\/2017\/10\/CARTE-VTT-21km-CBT-2018-1-300x201.jpg 300w, https:\/\/veloclubfaumont.fr\/wp-content\/uploads\/2017\/10\/CARTE-VTT-21km-CBT-2018-1-768x515.jpg 768w, https:\/\/veloclubfaumont.fr\/wp-content\/uploads\/2017\/10\/CARTE-VTT-21km-CBT-2018-1.jpg 1162w\" sizes=\"auto, (max-width: 1024px) 100vw, 1024px\" \/><\/a><a href=\"https:\/\/veloclubfaumont.fr\/index.php\/2018-2\/chicon-bike-tour-2018\/cbt-2018-le-21-km-vtt\/\">Plus d\u00e9tails sur la 21 km ici<\/a><\/p>\n<hr>\n<p><span style=\"color: #0000ff;\"><strong>30 km avec pav\u00e9s Paris-Roubaix + mont\u00e9e Mons en P\u00e9v\u00e8le + terril de Leforest (1 ravito)<\/strong><\/span><\/p>\n<p style=\"text-align: center;\"><a href=\"https:\/\/veloclubfaumont.fr\/index.php\/2018-2\/chicon-bike-tour-2018\/cbt-2018-le-30-km-vtt\/carte-vtt-30km-cbt-2018-2\/\" rel=\"attachment wp-att-8602\"><img loading=\"lazy\" decoding=\"async\" class=\"alignright size-large wp-image-8602\" src=\"https:\/\/veloclubfaumont.fr\/wp-content\/uploads\/2017\/10\/CARTE-VTT-30km-CBT-2018-1-1024x723.jpg\" alt=\"\" width=\"1024\" height=\"723\" srcset=\"https:\/\/veloclubfaumont.fr\/wp-content\/uploads\/2017\/10\/CARTE-VTT-30km-CBT-2018-1-1024x723.jpg 1024w, https:\/\/veloclubfaumont.fr\/wp-content\/uploads\/2017\/10\/CARTE-VTT-30km-CBT-2018-1-300x212.jpg 300w, https:\/\/veloclubfaumont.fr\/wp-content\/uploads\/2017\/10\/CARTE-VTT-30km-CBT-2018-1-768x543.jpg 768w, https:\/\/veloclubfaumont.fr\/wp-content\/uploads\/2017\/10\/CARTE-VTT-30km-CBT-2018-1.jpg 1162w\" sizes=\"auto, (max-width: 1024px) 100vw, 1024px\" \/><\/a><a href=\"https:\/\/veloclubfaumont.fr\/index.php\/2018-2\/chicon-bike-tour-2018\/cbt-2018-le-30-km-vtt\/\">Plus de d\u00e9tails sur la 30km ici<\/a><\/p>\n<p><span class=\"embed-youtube\" style=\"text-align:center; display: block;\"><iframe loading=\"lazy\" class=\"youtube-player\" width=\"640\" height=\"360\" src=\"https:\/\/www.youtube.com\/embed\/dNnwJdhyHXs?version=3&#038;rel=1&#038;showsearch=0&#038;showinfo=1&#038;iv_load_policy=1&#038;fs=1&#038;hl=fr-FR&#038;autohide=2&#038;wmode=transparent\" allowfullscreen=\"true\" style=\"border:0;\" sandbox=\"allow-scripts allow-same-origin allow-popups allow-presentation\"><\/iframe><\/span><\/p>\n<table style=\"background-color: #e6a8a8;\" border=\"1\">\n<tbody>\n<tr>\n<td style=\"text-align: justify;\"><span style=\"font-size: 14pt;\"><strong>A noter qu&rsquo;un parcours alternatif plus sportif de 35km <\/strong><\/span><span style=\"font-size: 14pt;\"><strong>(non balis\u00e9) <\/strong><\/span><span style=\"font-size: 14pt;\"><strong>est possible en suivant la 21km au d\u00e9part de la salle (sans la mont\u00e9e de Mons en P\u00e9v\u00e8le) et en ajoutant les 14 km de la <a href=\"https:\/\/www.youtube.com\/watch?v=CcvDQG1JDUI&amp;t=17s\" target=\"_blank\" rel=\"noopener\">boucle du Terril d&rsquo;Evin-Malmaison<\/a> (boucle accessible juste apr\u00e8s le premier Ravitaillement de Leforest en suivant le 45 km). Comme c&rsquo;est une boucle, il y aura donc un second ravito (au m\u00eame endroit que le premier), puis le tour du terril de Leforest et ensuite le retour \u00e0 la salle commun.<br \/>\n<\/strong><\/span><\/td>\n<\/tr>\n<\/tbody>\n<\/table>\n<p><a href=\"https:\/\/veloclubfaumont.fr\/index.php\/2018-2\/chicon-bike-tour-2018\/cbt-2018-le-45-km-vtt\/carte-vtt-35km-cbt-2018-3\/\" rel=\"attachment wp-att-9399\"><img loading=\"lazy\" decoding=\"async\" class=\"aligncenter size-large wp-image-9399\" src=\"https:\/\/veloclubfaumont.fr\/wp-content\/uploads\/2018\/01\/CARTE-VTT-35km-CBT-2018-1024x647.jpg\" alt=\"\" width=\"1024\" height=\"647\" srcset=\"https:\/\/veloclubfaumont.fr\/wp-content\/uploads\/2018\/01\/CARTE-VTT-35km-CBT-2018-1024x647.jpg 1024w, https:\/\/veloclubfaumont.fr\/wp-content\/uploads\/2018\/01\/CARTE-VTT-35km-CBT-2018-300x190.jpg 300w, https:\/\/veloclubfaumont.fr\/wp-content\/uploads\/2018\/01\/CARTE-VTT-35km-CBT-2018-768x485.jpg 768w, https:\/\/veloclubfaumont.fr\/wp-content\/uploads\/2018\/01\/CARTE-VTT-35km-CBT-2018.jpg 1872w\" sizes=\"auto, (max-width: 1024px) 100vw, 1024px\" \/><\/a><\/p>\n<hr>\n<p style=\"text-align: justify;\"><span style=\"color: #ff0000;\"><strong>Enfin, pour ceux qui n&rsquo;auront pas peur des pav\u00e9s, de la gadoue, des grimpettes et des parties techniques, il y aura le 45 km sportif avec donc la Voie Verte pour s&rsquo;\u00e9chauffer tranquillement + les pav\u00e9s de Paris-Roubaix + la Mont\u00e9e de Mons en P\u00e9v\u00e8le (avec singles techniques inclus) + <\/strong><\/span><span style=\"color: #ff0000;\"><strong>ravito 1 \u00e0 Leforest <\/strong><\/span><span style=\"color: #ff0000;\"><strong>+ Terril d&rsquo;Evin + Talus de Leforest + Ravito 2 <\/strong><\/span><span style=\"color: #ff0000;\"><strong>+ Terril de Leforest&nbsp;<\/strong><\/span><span style=\"color: #ff0000;\"><strong> + retour tranquille avec notre dernier chemin agricole bien casse-pattes en fin de parcours&#8230; :<\/strong><\/span><\/p>\n<p><a href=\"https:\/\/veloclubfaumont.fr\/index.php\/2018-2\/chicon-bike-tour-2018\/carte-vtt-45km-cbt-2018-2\/\" rel=\"attachment wp-att-8792\"><img loading=\"lazy\" decoding=\"async\" class=\"alignright size-large wp-image-8792\" src=\"https:\/\/veloclubfaumont.fr\/wp-content\/uploads\/2017\/10\/CARTE-VTT-45km-CBT-2018-1-1024x723.jpg\" alt=\"\" width=\"1024\" height=\"723\" srcset=\"https:\/\/veloclubfaumont.fr\/wp-content\/uploads\/2017\/10\/CARTE-VTT-45km-CBT-2018-1-1024x723.jpg 1024w, https:\/\/veloclubfaumont.fr\/wp-content\/uploads\/2017\/10\/CARTE-VTT-45km-CBT-2018-1-300x212.jpg 300w, https:\/\/veloclubfaumont.fr\/wp-content\/uploads\/2017\/10\/CARTE-VTT-45km-CBT-2018-1-768x543.jpg 768w, https:\/\/veloclubfaumont.fr\/wp-content\/uploads\/2017\/10\/CARTE-VTT-45km-CBT-2018-1.jpg 1162w\" sizes=\"auto, (max-width: 1024px) 100vw, 1024px\" \/><\/a><\/p>\n<p style=\"text-align: center;\"><a href=\"https:\/\/veloclubfaumont.fr\/index.php\/2018-2\/chicon-bike-tour-2018\/cbt-2018-le-45-km-vtt\/\">Plus de d\u00e9tails sur la 45km ici<\/a><\/p>\n<hr>\n<p style=\"text-align: center;\"><img loading=\"lazy\" decoding=\"async\" class=\"aligncenter wp-image-9403\" src=\"https:\/\/veloclubfaumont.fr\/wp-content\/uploads\/2018\/01\/plaque-cadre-vtt-2018.jpg\" alt=\"\" width=\"512\" height=\"359\" srcset=\"https:\/\/veloclubfaumont.fr\/wp-content\/uploads\/2018\/01\/plaque-cadre-vtt-2018.jpg 799w, https:\/\/veloclubfaumont.fr\/wp-content\/uploads\/2018\/01\/plaque-cadre-vtt-2018-300x211.jpg 300w, https:\/\/veloclubfaumont.fr\/wp-content\/uploads\/2018\/01\/plaque-cadre-vtt-2018-768x539.jpg 768w\" sizes=\"auto, (max-width: 512px) 100vw, 512px\" \/><em>une plaque de cadre offerte au 1200 premiers VTT<\/em><\/p>\n<p style=\"text-align: center;\">&nbsp;<\/p>\n<p><strong>Fl\u00e9chages lors de la rando VTT<\/strong> (fl\u00e8ches a\u00e9riennes et au sol) :<\/p>\n<p><a href=\"https:\/\/veloclubfaumont.fr\/index.php\/chicon-bike-tour\/chicon-bike-tour-2017-partenaires-et-sponsors\/fleche-vtt\/\" rel=\"attachment wp-att-3818\"><img loading=\"lazy\" decoding=\"async\" class=\"size-medium wp-image-3818 alignleft\" src=\"https:\/\/veloclubfaumont.fr\/wp-content\/uploads\/2016\/12\/fleche-vtt-300x118.jpg\" sizes=\"auto, (max-width: 300px) 100vw, 300px\" srcset=\"https:\/\/veloclubfaumont.fr\/wp-content\/uploads\/2016\/12\/fleche-vtt-300x118.jpg 300w, https:\/\/veloclubfaumont.fr\/wp-content\/uploads\/2016\/12\/fleche-vtt-768x301.jpg 768w, https:\/\/veloclubfaumont.fr\/wp-content\/uploads\/2016\/12\/fleche-vtt.jpg 800w\" alt=\"\" width=\"300\" height=\"118\"><\/a><a href=\"https:\/\/veloclubfaumont.fr\/index.php\/chicon-bike-tour\/chicon-bike-tour-2017-presentation-des-parcours-vtt\/fleche-vtt-sol\/\" rel=\"attachment wp-att-3820\"><img loading=\"lazy\" decoding=\"async\" class=\"wp-image-3820 alignleft\" src=\"https:\/\/veloclubfaumont.fr\/wp-content\/uploads\/2016\/12\/fleche-vtt-sol-193x300.jpg\" sizes=\"auto, (max-width: 100px) 100vw, 100px\" srcset=\"https:\/\/veloclubfaumont.fr\/wp-content\/uploads\/2016\/12\/fleche-vtt-sol-193x300.jpg 193w, https:\/\/veloclubfaumont.fr\/wp-content\/uploads\/2016\/12\/fleche-vtt-sol.jpg 300w\" alt=\"\" width=\"100\" height=\"155\"><\/a>&nbsp; <a href=\"https:\/\/veloclubfaumont.fr\/index.php\/chicon-bike-tour\/chicon-bike-tour-2017-presentation-des-parcours-vtt\/fleche-chaux-vtt\/\" rel=\"attachment wp-att-3821\"><img loading=\"lazy\" decoding=\"async\" class=\"wp-image-3821 alignleft\" src=\"https:\/\/veloclubfaumont.fr\/wp-content\/uploads\/2016\/12\/fleche-chaux-vtt-236x300.jpg\" sizes=\"auto, (max-width: 127px) 100vw, 127px\" srcset=\"https:\/\/veloclubfaumont.fr\/wp-content\/uploads\/2016\/12\/fleche-chaux-vtt-236x300.jpg 236w, https:\/\/veloclubfaumont.fr\/wp-content\/uploads\/2016\/12\/fleche-chaux-vtt.jpg 412w\" alt=\"\" width=\"127\" height=\"162\"><\/a>&nbsp;&nbsp;&nbsp;&nbsp;&nbsp;<br \/>\n1- a\u00e9rienne<\/p>\n<p>2- sol (bitume)<\/p>\n<p>3- terril (chaux)<\/p>\n<p>&nbsp;<\/p>\n<p>&nbsp;<\/p>\n<p style=\"text-align: center;\"><a href=\"https:\/\/veloclubfaumont.fr\/index.php\/2018-2\/chicon-bike-tour-2018\/15972693_1179501592162250_4762631174837761975_o\/\" rel=\"attachment wp-att-8516\"><img loading=\"lazy\" decoding=\"async\" class=\"aligncenter wp-image-8516\" src=\"https:\/\/veloclubfaumont.fr\/wp-content\/uploads\/2017\/10\/15972693_1179501592162250_4762631174837761975_o-1024x768.jpg\" alt=\"\" width=\"587\" height=\"440\" srcset=\"https:\/\/veloclubfaumont.fr\/wp-content\/uploads\/2017\/10\/15972693_1179501592162250_4762631174837761975_o-1024x768.jpg 1024w, https:\/\/veloclubfaumont.fr\/wp-content\/uploads\/2017\/10\/15972693_1179501592162250_4762631174837761975_o-300x225.jpg 300w, https:\/\/veloclubfaumont.fr\/wp-content\/uploads\/2017\/10\/15972693_1179501592162250_4762631174837761975_o-768x576.jpg 768w, https:\/\/veloclubfaumont.fr\/wp-content\/uploads\/2017\/10\/15972693_1179501592162250_4762631174837761975_o.jpg 2048w\" sizes=\"auto, (max-width: 587px) 100vw, 587px\" \/><\/a><em>des fl\u00e8ches a\u00e9riennes bien visibles de loin !<\/em><\/p>\n<p>Exemple de panneau de bifurcation pr\u00e9sent sur place :<\/p>\n<p><a href=\"https:\/\/veloclubfaumont.fr\/index.php\/2018-2\/chicon-bike-tour-2018\/bifurcation\/\" rel=\"attachment wp-att-8474\"><img loading=\"lazy\" decoding=\"async\" class=\"aligncenter wp-image-8474\" src=\"https:\/\/veloclubfaumont.fr\/wp-content\/uploads\/2017\/10\/bifurcation.jpg\" alt=\"\" width=\"524\" height=\"352\" srcset=\"https:\/\/veloclubfaumont.fr\/wp-content\/uploads\/2017\/10\/bifurcation.jpg 932w, https:\/\/veloclubfaumont.fr\/wp-content\/uploads\/2017\/10\/bifurcation-300x202.jpg 300w, https:\/\/veloclubfaumont.fr\/wp-content\/uploads\/2017\/10\/bifurcation-768x516.jpg 768w\" sizes=\"auto, (max-width: 524px) 100vw, 524px\" \/><\/a><\/p>\n<p style=\"text-align: center;\"><em>La partie commune \u00e0 tous les parcours avant et autour du Terril de Leforest (sous la neige) :<\/em><\/p>\n<p><span class=\"embed-youtube\" style=\"text-align:center; display: block;\"><iframe loading=\"lazy\" class=\"youtube-player\" width=\"640\" height=\"360\" src=\"https:\/\/www.youtube.com\/embed\/_OkB14U1CwU?version=3&#038;rel=1&#038;showsearch=0&#038;showinfo=1&#038;iv_load_policy=1&#038;fs=1&#038;hl=fr-FR&#038;autohide=2&#038;wmode=transparent\" allowfullscreen=\"true\" style=\"border:0;\" sandbox=\"allow-scripts allow-same-origin allow-popups allow-presentation\"><\/iframe><\/span><\/p>\n<p><span class=\"embed-youtube\" style=\"text-align:center; display: block;\"><iframe loading=\"lazy\" class=\"youtube-player\" width=\"640\" height=\"360\" src=\"https:\/\/www.youtube.com\/embed\/YHzI2_6Tzjg?version=3&#038;rel=1&#038;showsearch=0&#038;showinfo=1&#038;iv_load_policy=1&#038;fs=1&#038;hl=fr-FR&#038;autohide=2&#038;wmode=transparent\" allowfullscreen=\"true\" style=\"border:0;\" sandbox=\"allow-scripts allow-same-origin allow-popups allow-presentation\"><\/iframe><\/span><\/p>\n<p><span class=\"embed-youtube\" style=\"text-align:center; display: block;\"><iframe loading=\"lazy\" class=\"youtube-player\" width=\"640\" height=\"360\" src=\"https:\/\/www.youtube.com\/embed\/CcvDQG1JDUI?version=3&#038;rel=1&#038;showsearch=0&#038;showinfo=1&#038;iv_load_policy=1&#038;fs=1&#038;hl=fr-FR&#038;autohide=2&#038;start=17&#038;wmode=transparent\" allowfullscreen=\"true\" style=\"border:0;\" sandbox=\"allow-scripts allow-same-origin allow-popups allow-presentation\"><\/iframe><\/span><\/p>\n<p>&nbsp;<\/p>\n","protected":false},"excerpt":{"rendered":"<p>A NOTER : suite \u00e0 un passage d\u00e9licat (boue tr\u00e8s pr\u00e9sente sur quelques m\u00e8tres) du c\u00f4t\u00e9 de Mons en P\u00e9v\u00e8le, nous avons d\u00e9cid\u00e9 de le supprimer. Les 2km perdus seront&#8230;<\/p>\n","protected":false},"author":1,"featured_media":0,"parent":8385,"menu_order":0,"comment_status":"closed","ping_status":"closed","template":"","meta":{"ngg_post_thumbnail":0,"jetpack_post_was_ever_published":false,"two_page_speed":[],"footnotes":""},"class_list":["post-8380","page","type-page","status-publish","hentry"],"jetpack_sharing_enabled":true,"jetpack_shortlink":"https:\/\/wp.me\/P8bXJp-2ba","_links":{"self":[{"href":"https:\/\/veloclubfaumont.fr\/index.php\/wp-json\/wp\/v2\/pages\/8380","targetHints":{"allow":["GET"]}}],"collection":[{"href":"https:\/\/veloclubfaumont.fr\/index.php\/wp-json\/wp\/v2\/pages"}],"about":[{"href":"https:\/\/veloclubfaumont.fr\/index.php\/wp-json\/wp\/v2\/types\/page"}],"author":[{"embeddable":true,"href":"https:\/\/veloclubfaumont.fr\/index.php\/wp-json\/wp\/v2\/users\/1"}],"replies":[{"embeddable":true,"href":"https:\/\/veloclubfaumont.fr\/index.php\/wp-json\/wp\/v2\/comments?post=8380"}],"version-history":[{"count":0,"href":"https:\/\/veloclubfaumont.fr\/index.php\/wp-json\/wp\/v2\/pages\/8380\/revisions"}],"up":[{"embeddable":true,"href":"https:\/\/veloclubfaumont.fr\/index.php\/wp-json\/wp\/v2\/pages\/8385"}],"wp:attachment":[{"href":"https:\/\/veloclubfaumont.fr\/index.php\/wp-json\/wp\/v2\/media?parent=8380"}],"curies":[{"name":"wp","href":"https:\/\/api.w.org\/{rel}","templated":true}]}}