{"id":8430,"date":"2017-10-21T11:54:41","date_gmt":"2017-10-21T09:54:41","guid":{"rendered":"http:\/\/veloclubfaumont.fr\/?page_id=8430"},"modified":"2018-01-20T18:32:27","modified_gmt":"2018-01-20T17:32:27","slug":"chicon-bike-tour-2018-presentation-generale","status":"publish","type":"page","link":"https:\/\/veloclubfaumont.fr\/index.php\/2018-2\/chicon-bike-tour-2018-2\/chicon-bike-tour-2018-presentation-generale\/","title":{"rendered":"Chicon Bike Tour 2018 : Pr\u00e9sentation G\u00e9n\u00e9rale"},"content":{"rendered":"<p style=\"text-align: center;\"><strong>SOMMA<a href=\"https:\/\/veloclubfaumont.fr\/index.php\/2018-2\/chicon-bike-tour-2018\/chicon-bike-tour-2018-presentation-generale\/flyer-cbt-2018\/\" rel=\"attachment wp-att-8949\"><img loading=\"lazy\" decoding=\"async\" class=\"wp-image-8949 alignright\" src=\"https:\/\/veloclubfaumont.fr\/wp-content\/uploads\/2017\/10\/flyer-cbt-2018-724x1024.jpg\" alt=\"\" width=\"327\" height=\"462\" srcset=\"https:\/\/veloclubfaumont.fr\/wp-content\/uploads\/2017\/10\/flyer-cbt-2018-724x1024.jpg 724w, https:\/\/veloclubfaumont.fr\/wp-content\/uploads\/2017\/10\/flyer-cbt-2018-212x300.jpg 212w, https:\/\/veloclubfaumont.fr\/wp-content\/uploads\/2017\/10\/flyer-cbt-2018-768x1086.jpg 768w, https:\/\/veloclubfaumont.fr\/wp-content\/uploads\/2017\/10\/flyer-cbt-2018.jpg 800w\" sizes=\"auto, (max-width: 327px) 100vw, 327px\" \/><\/a>IRE :<br \/>\n<\/strong><\/p>\n<p style=\"text-align: justify;\">1- Page de Pr\u00e9sentation du <em>Chicon Bike Tour 2018 <\/em>(page actuelle)<\/p>\n<p>2- <a href=\"https:\/\/veloclubfaumont.fr\/index.php\/2018-2\/chicon-bike-tour-2018\/chicon-bike-tour-2018-fiches-inscription-vttcyclomarche\/\">Fiches d\u2019inscription en ligne<br \/>\n<\/a><br \/>\n3- <a href=\"https:\/\/veloclubfaumont.fr\/index.php\/2018-2\/chicon-bike-tour-2018\/\">Pr\u00e9sentation g\u00e9n\u00e9rale des diff\u00e9rents parcours VTT<br \/>\n<\/a>&nbsp;&nbsp;&nbsp; &nbsp; &#8211; <a href=\"https:\/\/veloclubfaumont.fr\/index.php\/2018-2\/chicon-bike-tour-2018\/cbt-2018-le-21-km-vtt\/\">Le 21 km en d\u00e9tails<\/a><br \/>\n&nbsp;&nbsp;&nbsp;&nbsp;&nbsp; &#8211; <a href=\"https:\/\/veloclubfaumont.fr\/index.php\/2018-2\/chicon-bike-tour-2018\/cbt-2018-le-30-km-vtt\/\">Le 30 km en d\u00e9tails<\/a><br \/>\n&nbsp;&nbsp; &nbsp;&nbsp; &#8211; <a href=\"https:\/\/veloclubfaumont.fr\/index.php\/2018-2\/chicon-bike-tour-2018\/cbt-2018-le-45-km-vtt\/\">Le 45 km en d\u00e9tails<br \/>\n<\/a><br \/>\n4- <a href=\"https:\/\/veloclubfaumont.fr\/index.php\/2018-2\/chicon-bike-tour-2018-2\/chicon-bike-tour-2018-les-parcours-cyclo\/\">Pr\u00e9sentation des diff\u00e9rents parcours Cyclos<br \/>\n<\/a><br \/>\n5- <a href=\"https:\/\/veloclubfaumont.fr\/index.php\/2018-2\/chicon-bike-tour-2018-2\/chicon-bike-tour-2018-les-parcours-marche\/\">Pr\u00e9sentation des diff\u00e9rents parcours Marche<br \/>\n<\/a><br \/>\n6- <a href=\"https:\/\/veloclubfaumont.fr\/index.php\/2018-2\/chicon-bike-tour-2018\/chicon-bike-tour-2018-presentation-generale\/chicon-bike-tour-2018-partenaires-et-sponsors\/\">Nos Partenaires et sponsors<br \/>\n<\/a><br \/>\n7- Page liens photos, reportages et vid\u00e9os <em>(\u00e0 venir apr\u00e8s la rando)<\/em><\/p>\n<p style=\"text-align: center;\">&nbsp;<\/p>\n<p>&nbsp;<br \/>\n<iframe loading=\"lazy\" src=\"https:\/\/www.youtube.com\/embed\/fpL0Jg4TKDo\" allowfullscreen=\"allowfullscreen\" width=\"853\" height=\"480\" frameborder=\"0\"><\/iframe><\/p>\n<p style=\"text-align: center;\">&nbsp;<\/p>\n<p><a href=\"http:\/\/veloclubfaumont.890m.com\/wp-content\/uploads\/2016\/10\/flyer-cbt2017-internet.jpg\"><strong><img loading=\"lazy\" decoding=\"async\" class=\"aligncenter wp-image-83 size-large\" src=\"https:\/\/veloclubfaumont.fr\/wp-content\/uploads\/2016\/12\/DSC_0105-1024x683.jpg\" sizes=\"auto, (max-width: 1024px) 100vw, 1024px\" srcset=\"https:\/\/veloclubfaumont.fr\/wp-content\/uploads\/2016\/12\/DSC_0105-1024x683.jpg 1024w, https:\/\/veloclubfaumont.fr\/wp-content\/uploads\/2016\/12\/DSC_0105-300x200.jpg 300w, https:\/\/veloclubfaumont.fr\/wp-content\/uploads\/2016\/12\/DSC_0105-768x512.jpg 768w, https:\/\/veloclubfaumont.fr\/wp-content\/uploads\/2016\/12\/DSC_0105.jpg 1152w\" width=\"1024\" height=\"683\"><\/strong><\/a><\/p>\n<p style=\"text-align: justify;\">Apr\u00e8s les f\u00eates de fin d\u2019ann\u00e9e, le V\u00e9loclub de Faumont (entre Douai et Orchies) organise sa fameuse rando avec 3 parcours VTT, 2 parcours cyclo, et 5 parcours marche de 4 \u00e0 14 km autour de la P\u00e9v\u00e8le.<\/p>\n<p style=\"text-align: justify;\"><strong>Miss<\/strong> ou<strong> Mister Chicon<\/strong> et notre Pr\u00e9sident Gilles Barbieux seront encore l\u00e0 pour vous accueillir avec du Caf\u00e9 et des biscuits.<\/p>\n<p><img loading=\"lazy\" decoding=\"async\" class=\"aligncenter wp-image-85 size-large\" src=\"https:\/\/veloclubfaumont.fr\/wp-content\/uploads\/2016\/12\/DSC_0034-1024x683.jpg\" sizes=\"auto, (max-width: 1024px) 100vw, 1024px\" srcset=\"https:\/\/veloclubfaumont.fr\/wp-content\/uploads\/2016\/12\/DSC_0034-1024x683.jpg 1024w, https:\/\/veloclubfaumont.fr\/wp-content\/uploads\/2016\/12\/DSC_0034-300x200.jpg 300w, https:\/\/veloclubfaumont.fr\/wp-content\/uploads\/2016\/12\/DSC_0034-768x512.jpg 768w, https:\/\/veloclubfaumont.fr\/wp-content\/uploads\/2016\/12\/DSC_0034.jpg 1152w\" width=\"1024\" height=\"683\"><\/p>\n<p style=\"text-align: justify;\">Une <strong>Plaque de cadre<\/strong> offerte pour les 1000 premiers VTT. Au retour \u00e0 la salle : une soupe aux chicons + sandwich + boisson au retour et un <strong>sachet de chicons en cadeau<\/strong> \u00e0 chacun des participants. Bikewash pour les VTT + Photographes sur les parcours. Une <strong>tombola<\/strong> offerte par nos g\u00e9n\u00e9reux partenaires sera aussi pr\u00e9sente (le ticket \u00e0 l&rsquo;inscription sera \u00e0 mettre dans une urne avant votre d\u00e9part pour le tirage au sort). Quelques paniers garnis feront la joie des heureux gagnants au retour \u00e0 la salle.<\/p>\n<p style=\"text-align: center;\"><a href=\"https:\/\/veloclubfaumont.fr\/index.php\/2018-2\/chicon-bike-tour-2018-2\/chicon-bike-tour-2018-presentation-generale\/plaque-cadre-vtt-2018\/\" rel=\"attachment wp-att-9403\"><img loading=\"lazy\" decoding=\"async\" class=\"aligncenter wp-image-9403\" src=\"https:\/\/veloclubfaumont.fr\/wp-content\/uploads\/2018\/01\/plaque-cadre-vtt-2018.jpg\" alt=\"\" width=\"449\" height=\"315\" srcset=\"https:\/\/veloclubfaumont.fr\/wp-content\/uploads\/2018\/01\/plaque-cadre-vtt-2018.jpg 799w, https:\/\/veloclubfaumont.fr\/wp-content\/uploads\/2018\/01\/plaque-cadre-vtt-2018-300x211.jpg 300w, https:\/\/veloclubfaumont.fr\/wp-content\/uploads\/2018\/01\/plaque-cadre-vtt-2018-768x539.jpg 768w\" sizes=\"auto, (max-width: 449px) 100vw, 449px\" \/><\/a><em>la Plaque de cadre VTT 2018<\/em><\/p>\n<p>&nbsp;<\/p>\n<p style=\"text-align: justify;\"><strong><img loading=\"lazy\" decoding=\"async\" class=\"alignleft wp-image-86 \" src=\"https:\/\/veloclubfaumont.fr\/wp-content\/uploads\/2016\/12\/DSC_0291-300x200.jpg\" sizes=\"auto, (max-width: 300px) 100vw, 300px\" srcset=\"https:\/\/veloclubfaumont.fr\/wp-content\/uploads\/2016\/12\/DSC_0291-300x200.jpg 300w, https:\/\/veloclubfaumont.fr\/wp-content\/uploads\/2016\/12\/DSC_0291-768x512.jpg 768w, https:\/\/veloclubfaumont.fr\/wp-content\/uploads\/2016\/12\/DSC_0291-1024x683.jpg 1024w, https:\/\/veloclubfaumont.fr\/wp-content\/uploads\/2016\/12\/DSC_0291.jpg 1152w\" width=\"372\" height=\"248\"><a href=\"https:\/\/veloclubfaumont.fr\/index.php\/2018-2\/chicon-bike-tour-2018\/\">3 nouveaux parcours VTT<\/a><\/strong> : <strong><span style=\"color: #008000;\">21<\/span><\/strong> \u2013 <strong><span style=\"color: #0000ff;\">30<\/span><\/strong> et <strong><span style=\"color: #ff0000;\">45<\/span><\/strong> km avec 1 ravito sur le 21 et le 30 (vers Mons en P\u00e9v\u00e8le et terril de Leforest) + 2 ravitos \u00e0 Leforest pour le 45. A noter qu&rsquo;un <strong>parcours alternatif<\/strong> de <span style=\"color: #ff00ff;\"><strong>35 km<\/strong><\/span> est possible en ajoutant le trac\u00e9 \u00ab\u00a0facile\u00a0\u00bb de 21km + la <a href=\"https:\/\/veloclubfaumont.fr\/index.php\/2017\/12\/31\/cbt-2018-reco-de-la-boucle-devin\/\">boucle du Terril d&rsquo;Evin-Malmaison<\/a> de 14km juste apr\u00e8s le ravito de Leforest. <span style=\"text-decoration: underline;\"><em>Attention, pas de balisage officiel \u00ab\u00a035\u00a0\u00bb pour ce parcours alternatif propos\u00e9 ! Il faudra donc bien suivre les indications au d\u00e9part.<\/em><\/span><\/p>\n<p>&nbsp;<\/p>\n<p><img loading=\"lazy\" decoding=\"async\" class=\"wp-image-87 alignright\" src=\"https:\/\/veloclubfaumont.fr\/wp-content\/uploads\/2016\/12\/DSC06643-300x201.jpg\" sizes=\"auto, (max-width: 300px) 100vw, 300px\" srcset=\"https:\/\/veloclubfaumont.fr\/wp-content\/uploads\/2016\/12\/DSC06643-300x201.jpg 300w, https:\/\/veloclubfaumont.fr\/wp-content\/uploads\/2016\/12\/DSC06643-768x514.jpg 768w, https:\/\/veloclubfaumont.fr\/wp-content\/uploads\/2016\/12\/DSC06643-1024x686.jpg 1024w, https:\/\/veloclubfaumont.fr\/wp-content\/uploads\/2016\/12\/DSC06643.jpg 1162w\" width=\"340\" height=\"228\"><\/p>\n<p><a href=\"https:\/\/veloclubfaumont.fr\/index.php\/2018-2\/chicon-bike-tour-2018-2\/chicon-bike-tour-2018-les-parcours-cyclo\/\"><strong>2 parcours cyclos<\/strong><\/a> : 30 et 45 km<\/p>\n<p>&nbsp;<\/p>\n<p><a href=\"https:\/\/veloclubfaumont.fr\/index.php\/2018-2\/chicon-bike-tour-2018-2\/chicon-bike-tour-2018-les-parcours-marche\/\"><strong>5 parcours marche<\/strong><\/a> : 4 \u2013 6 \u2013 8 \u2013 10 et 14 km<\/p>\n<hr>\n<p><strong>Tarifs :<\/strong><\/p>\n<p><strong><span style=\"color: #339966;\">VTT<\/span> : licenci\u00e9s 4,50 \u20ac ; non licenci\u00e9s 5 \u20ac<\/strong><\/p>\n<p><strong><span style=\"color: #ffcc00;\"> Marche<\/span> : licenci\u00e9s 3 \u20ac ; non licenci\u00e9s 3,50 \u20ac<\/strong><\/p>\n<p><strong><span style=\"color: #ff6600;\">Cyclos<\/span> : licenci\u00e9s 3,50 \u20ac ; non licenci\u00e9s 4 \u20ac<\/strong><\/p>\n<hr>\n<p style=\"text-align: justify;\">Accueil \u00e0 la salle des f\u00eates de Faumont, en plein centre-ville 742, rue nationale (voie principale entre R\u00e2ches et Seclin). Inscription et d\u00e9part de 7h30 \u00e0 10h00. Bonne ambiance assur\u00e9e.<\/p>\n<p>NB : ces informations sont susceptibles d\u2019\u00eatre modifi\u00e9es d\u2019ici le 21 janvier 2018.<\/p>\n<hr>\n<p style=\"text-align: justify;\"><strong>BONUS<\/strong> : recette de la soupe aux chicons : <span class=\" UFICommentActorAndBody\"> <span data-ft=\"{&quot;tn&quot;:&quot;K&quot;}\"><span class=\"UFICommentBody\">800gr de chicons, 80 gr de beurre, 2 carottes, 1 oignon, 2dl de cr\u00e8me fraiche, 2 l de bouillon de volaille. Faire revenir dans le beurre oignons, carottes, chicons, et ensuite mettre le bouillon pour faire cuire, puis mixer et cr\u00e8me dans le bol ou assiette.<\/span><\/span><\/span><\/p>\n<hr>\n<p style=\"text-align: center;\"><a href=\"https:\/\/veloclubfaumont.fr\/index.php\/2018-2\/chicon-bike-tour-2018\/chicon-bike-tour-2018-fiches-inscription-vttcyclomarche\/\"><strong>FICHES D\u2019INSCRIPTIONS EN LIGNE ICI<\/strong><\/a><\/p>\n<p style=\"text-align: center;\"><strong><a href=\"https:\/\/veloclubfaumont.fr\/index.php\/2018-2\/chicon-bike-tour-2018\/\">CARTES ET PRESENTATION GENERALE DES PARCOURS VTT ICI<\/a> &#8211; <a href=\"https:\/\/veloclubfaumont.fr\/index.php\/2018-2\/chicon-bike-tour-2018\/cbt-2018-le-21-km-vtt\/\">21 km<\/a>&nbsp; <a href=\"https:\/\/veloclubfaumont.fr\/index.php\/2018-2\/chicon-bike-tour-2018\/cbt-2018-le-30-km-vtt\/\">30 km<\/a>&nbsp; <a href=\"https:\/\/veloclubfaumont.fr\/index.php\/2018-2\/chicon-bike-tour-2018\/cbt-2018-le-45-km-vtt\/\">45 km<\/a><br \/>\n<\/strong><\/p>\n<p style=\"text-align: center;\"><strong><a href=\"https:\/\/veloclubfaumont.fr\/index.php\/2018-2\/chicon-bike-tour-2018-2\/chicon-bike-tour-2018-les-parcours-cyclo\/\">CARTES ET PRESENTATION DES PARCOURS CYCLOS<\/a><br \/>\n<\/strong><\/p>\n<p style=\"text-align: center;\"><strong><a href=\"https:\/\/veloclubfaumont.fr\/index.php\/2018-2\/chicon-bike-tour-2018-2\/chicon-bike-tour-2018-les-parcours-marche\/\">CARTES ET PRESENTATIONS DES PARCOURS MARCHE<\/a><br \/>\n<\/strong><\/p>\n<p style=\"text-align: center;\"><a href=\"https:\/\/veloclubfaumont.fr\/index.php\/2018-2\/chicon-bike-tour-2018\/chicon-bike-tour-2018-presentation-generale\/chicon-bike-tour-2018-partenaires-et-sponsors\/\"><strong>NOS PARTENAIRES ET SPONSORS<\/strong><\/a><\/p>\n<hr>\n<p>Diaporama de l\u2019\u00e9dition 2016 :<\/p>\n<p style=\"text-align: center;\"><iframe loading=\"lazy\" src=\"https:\/\/www.youtube.com\/embed\/YR2oHKK8x1o\" allowfullscreen=\"allowfullscreen\" data-mce-fragment=\"1\" width=\"560\" height=\"315\" frameborder=\"0\"><\/iframe><\/p>\n<p>&nbsp;<\/p>\n<div style=\"text-align: center;\"><iframe loading=\"lazy\" src=\"https:\/\/www.google.com\/maps\/embed?pb=!1m18!1m12!1m3!1d5080.229547170024!2d3.136463915154953!3d50.4575873947326!2m3!1f0!2f0!3f0!3m2!1i1024!2i768!4f13.1!3m3!1m2!1s0x47c2cfcf6c4a8b29%3A0x4de9d4ead86e6e55!2s767+Rue+nationale%2C+59310+Faumont!5e0!3m2!1sfr!2sfr!4v1474799079666\" allowfullscreen=\"allowfullscreen\" data-mce-fragment=\"1\" width=\"600\" height=\"450\" frameborder=\"0\"><\/iframe><\/div>\n<div class=\"sharedaddy sd-sharing-enabled\">&nbsp;<\/div>\n","protected":false},"excerpt":{"rendered":"<p>SOMMAIRE : 1- Page de Pr\u00e9sentation du Chicon Bike Tour 2018 (page actuelle) 2- Fiches d\u2019inscription en ligne 3- Pr\u00e9sentation g\u00e9n\u00e9rale des diff\u00e9rents parcours VTT &nbsp;&nbsp;&nbsp; &nbsp; &#8211; Le 21&#8230;<\/p>\n","protected":false},"author":1,"featured_media":0,"parent":8612,"menu_order":0,"comment_status":"closed","ping_status":"closed","template":"","meta":{"ngg_post_thumbnail":0,"jetpack_post_was_ever_published":false,"two_page_speed":[],"footnotes":""},"class_list":["post-8430","page","type-page","status-publish","hentry"],"jetpack_sharing_enabled":true,"jetpack_shortlink":"https:\/\/wp.me\/P8bXJp-2bY","_links":{"self":[{"href":"https:\/\/veloclubfaumont.fr\/index.php\/wp-json\/wp\/v2\/pages\/8430","targetHints":{"allow":["GET"]}}],"collection":[{"href":"https:\/\/veloclubfaumont.fr\/index.php\/wp-json\/wp\/v2\/pages"}],"about":[{"href":"https:\/\/veloclubfaumont.fr\/index.php\/wp-json\/wp\/v2\/types\/page"}],"author":[{"embeddable":true,"href":"https:\/\/veloclubfaumont.fr\/index.php\/wp-json\/wp\/v2\/users\/1"}],"replies":[{"embeddable":true,"href":"https:\/\/veloclubfaumont.fr\/index.php\/wp-json\/wp\/v2\/comments?post=8430"}],"version-history":[{"count":0,"href":"https:\/\/veloclubfaumont.fr\/index.php\/wp-json\/wp\/v2\/pages\/8430\/revisions"}],"up":[{"embeddable":true,"href":"https:\/\/veloclubfaumont.fr\/index.php\/wp-json\/wp\/v2\/pages\/8612"}],"wp:attachment":[{"href":"https:\/\/veloclubfaumont.fr\/index.php\/wp-json\/wp\/v2\/media?parent=8430"}],"curies":[{"name":"wp","href":"https:\/\/api.w.org\/{rel}","templated":true}]}}