{"id":8612,"date":"2017-10-27T09:53:50","date_gmt":"2017-10-27T07:53:50","guid":{"rendered":"http:\/\/veloclubfaumont.fr\/?page_id=8612"},"modified":"2022-12-17T15:27:36","modified_gmt":"2022-12-17T14:27:36","slug":"chicon-bike-tour-2018-2","status":"publish","type":"page","link":"https:\/\/veloclubfaumont.fr\/index.php\/2018-2\/chicon-bike-tour-2018-2\/","title":{"rendered":"Chicon Bike Tour 2018"},"content":{"rendered":"<p><strong><a href=\"https:\/\/veloclubfaumont.fr\/index.php\/2018-2\/chicon-bike-tour-2018\/chicon-bike-tour-2018-presentation-generale\/flyer-cbt-2018\/\" rel=\"attachment wp-att-8949\"><img loading=\"lazy\" decoding=\"async\" class=\"alignright wp-image-8949 \" src=\"https:\/\/veloclubfaumont.fr\/wp-content\/uploads\/2017\/10\/flyer-cbt-2018.jpg\" alt=\"\" width=\"297\" height=\"420\" srcset=\"https:\/\/veloclubfaumont.fr\/wp-content\/uploads\/2017\/10\/flyer-cbt-2018.jpg 800w, https:\/\/veloclubfaumont.fr\/wp-content\/uploads\/2017\/10\/flyer-cbt-2018-212x300.jpg 212w, https:\/\/veloclubfaumont.fr\/wp-content\/uploads\/2017\/10\/flyer-cbt-2018-768x1086.jpg 768w, https:\/\/veloclubfaumont.fr\/wp-content\/uploads\/2017\/10\/flyer-cbt-2018-724x1024.jpg 724w\" sizes=\"auto, (max-width: 297px) 100vw, 297px\" \/><\/a>SOMMAIRE :<br \/>\n<\/strong><\/p>\n<p>0- <a href=\"https:\/\/veloclubfaumont.fr\/index.php\/2018-2\/chicon-bike-tour-2018-2\/chicon-bike-tour-2018-reconnaissances-et-preparation\/\">Recos et pr\u00e9parations du <em>Chicon Bike Tour 2018<\/em><\/a><\/p>\n<p>1- <a href=\"https:\/\/veloclubfaumont.fr\/index.php\/2018-2\/chicon-bike-tour-2018\/chicon-bike-tour-2018-presentation-generale\/\">Page de Pr\u00e9sentation du <em>CBT 2018<br \/>\n<\/em><\/a><br \/>\n2- <a href=\"https:\/\/veloclubfaumont.fr\/index.php\/2018-2\/chicon-bike-tour-2018\/chicon-bike-tour-2018-fiches-inscription-vttcyclomarche\/\">Fiches d\u2019inscription en ligne<br \/>\n<\/a><br \/>\n3- <a href=\"https:\/\/veloclubfaumont.fr\/index.php\/2018-2\/chicon-bike-tour-2018\/\">Pr\u00e9sentation g\u00e9n\u00e9rale des diff\u00e9rents parcours VTT<br \/>\n<\/a>&nbsp;&nbsp;&nbsp; &nbsp; &#8211; <a href=\"https:\/\/veloclubfaumont.fr\/index.php\/2018-2\/chicon-bike-tour-2018\/cbt-2018-le-21-km-vtt\/\">Le 21 km en d\u00e9tails<\/a><br \/>\n&nbsp;&nbsp;&nbsp;&nbsp;&nbsp; &#8211; <a href=\"https:\/\/veloclubfaumont.fr\/index.php\/2018-2\/chicon-bike-tour-2018\/cbt-2018-le-30-km-vtt\/\">Le 30 km en d\u00e9tails<\/a><br \/>\n&nbsp;&nbsp; &nbsp;&nbsp; &#8211; <a href=\"https:\/\/veloclubfaumont.fr\/index.php\/2018-2\/chicon-bike-tour-2018\/cbt-2018-le-45-km-vtt\/\">Le 45 km en d\u00e9tails<br \/>\n<\/a><br \/>\n4- <a href=\"https:\/\/veloclubfaumont.fr\/index.php\/2018-2\/chicon-bike-tour-2018-2\/chicon-bike-tour-2018-les-parcours-cyclo\/\">Pr\u00e9sentation des diff\u00e9rents parcours Cyclos<br \/>\n<\/a><br \/>\n5- <a href=\"https:\/\/veloclubfaumont.fr\/index.php\/2018-2\/chicon-bike-tour-2018-2\/chicon-bike-tour-2018-les-parcours-marche\/\">Pr\u00e9sentation des diff\u00e9rents parcours Marche<br \/>\n<\/a><br \/>\n6- <a href=\"https:\/\/veloclubfaumont.fr\/index.php\/2018-2\/chicon-bike-tour-2018\/chicon-bike-tour-2018-presentation-generale\/chicon-bike-tour-2018-partenaires-et-sponsors\/\">Nos Partenaires et sponsors<br \/>\n<\/a><br \/>\n7- <a href=\"https:\/\/veloclubfaumont.fr\/index.php\/2018\/01\/21\/chicon-bike-tour-2018-photos-et-reportages\/\">Page liens photos, reportages et vid\u00e9os<\/a><em><br \/>\n<\/em><\/p>\n<p>&nbsp;<\/p>\n<p><span class=\"embed-youtube\" style=\"text-align:center; display: block;\"><iframe loading=\"lazy\" class=\"youtube-player\" width=\"640\" height=\"360\" src=\"https:\/\/www.youtube.com\/embed\/fpL0Jg4TKDo?version=3&#038;rel=1&#038;showsearch=0&#038;showinfo=1&#038;iv_load_policy=1&#038;fs=1&#038;hl=fr-FR&#038;autohide=2&#038;wmode=transparent\" allowfullscreen=\"true\" style=\"border:0;\" sandbox=\"allow-scripts allow-same-origin allow-popups allow-presentation\"><\/iframe><\/span><\/p>\n","protected":false},"excerpt":{"rendered":"<p>SOMMAIRE : 0- Recos et pr\u00e9parations du Chicon Bike Tour 2018 1- Page de Pr\u00e9sentation du CBT 2018 2- Fiches d\u2019inscription en ligne 3- Pr\u00e9sentation g\u00e9n\u00e9rale des diff\u00e9rents parcours VTT&#8230;<\/p>\n","protected":false},"author":1,"featured_media":0,"parent":8385,"menu_order":0,"comment_status":"closed","ping_status":"closed","template":"","meta":{"ngg_post_thumbnail":0,"jetpack_post_was_ever_published":false,"two_page_speed":[],"footnotes":""},"class_list":["post-8612","page","type-page","status-publish","hentry"],"jetpack_sharing_enabled":true,"jetpack_shortlink":"https:\/\/wp.me\/P8bXJp-2eU","_links":{"self":[{"href":"https:\/\/veloclubfaumont.fr\/index.php\/wp-json\/wp\/v2\/pages\/8612","targetHints":{"allow":["GET"]}}],"collection":[{"href":"https:\/\/veloclubfaumont.fr\/index.php\/wp-json\/wp\/v2\/pages"}],"about":[{"href":"https:\/\/veloclubfaumont.fr\/index.php\/wp-json\/wp\/v2\/types\/page"}],"author":[{"embeddable":true,"href":"https:\/\/veloclubfaumont.fr\/index.php\/wp-json\/wp\/v2\/users\/1"}],"replies":[{"embeddable":true,"href":"https:\/\/veloclubfaumont.fr\/index.php\/wp-json\/wp\/v2\/comments?post=8612"}],"version-history":[{"count":0,"href":"https:\/\/veloclubfaumont.fr\/index.php\/wp-json\/wp\/v2\/pages\/8612\/revisions"}],"up":[{"embeddable":true,"href":"https:\/\/veloclubfaumont.fr\/index.php\/wp-json\/wp\/v2\/pages\/8385"}],"wp:attachment":[{"href":"https:\/\/veloclubfaumont.fr\/index.php\/wp-json\/wp\/v2\/media?parent=8612"}],"curies":[{"name":"wp","href":"https:\/\/api.w.org\/{rel}","templated":true}]}}