{"id":8933,"date":"2017-11-25T09:09:40","date_gmt":"2017-11-25T08:09:40","guid":{"rendered":"http:\/\/veloclubfaumont.fr\/?page_id=8933"},"modified":"2018-01-20T19:25:40","modified_gmt":"2018-01-20T18:25:40","slug":"chicon-bike-tour-2018-les-parcours-cyclo","status":"publish","type":"page","link":"https:\/\/veloclubfaumont.fr\/index.php\/2018-2\/chicon-bike-tour-2018-2\/chicon-bike-tour-2018-les-parcours-cyclo\/","title":{"rendered":"Chicon Bike Tour 2018 : les parcours Cyclo"},"content":{"rendered":"<p style=\"text-align: justify;\">Voici la page g\u00e9n\u00e9rale o\u00f9 sont pr\u00e9sent\u00e9s les 2 parcours cyclos officiels. A noter que cette ann\u00e9e, une nouveaut\u00e9 sera pr\u00e9sente sur les affichages parcours \u00e0 la salle : un <strong>QR Code<\/strong> sera disponible pour chacune des traces propos\u00e9es. Vous aurez ainsi le trac\u00e9 GPS sur votre Smartphone de la distance choisie pour \u00eatre certain de ne pas vous perdre !<strong><br \/>\n<\/strong><\/p>\n<p><strong>RAPPEL : Pour les cyclos, les ravitos et l&rsquo;eau seront donn\u00e9s \u00e0 l&rsquo;inscription.<\/strong><\/p>\n<p>Pour le <span style=\"color: #0000ff;\"><strong>30 km<\/strong><\/span>, nous vous ferons aller vers Coutiches, Auchy-les-Orchies, Cappelle en P\u00e9v\u00e8le, Bers\u00e9e et Mons en P\u00e9v\u00e8le.<\/p>\n<p>Pour le <strong><span style=\"color: #ff0000;\">45 km<\/span><\/strong>, idem au 30 km + Nomain, Cobrieux et Genech.<\/p>\n<p style=\"text-align: center;\"><a href=\"https:\/\/veloclubfaumont.fr\/index.php\/2018-2\/chicon-bike-tour-2018-2\/chicon-bike-tour-2018-les-parcours-cyclo\/sony-dsc-31\/\" rel=\"attachment wp-att-9073\"><img loading=\"lazy\" decoding=\"async\" class=\"aligncenter wp-image-9073 size-large\" src=\"https:\/\/veloclubfaumont.fr\/wp-content\/uploads\/2017\/12\/DSC06724-1024x686.jpg\" alt=\"\" width=\"1024\" height=\"686\" srcset=\"https:\/\/veloclubfaumont.fr\/wp-content\/uploads\/2017\/12\/DSC06724-1024x686.jpg 1024w, https:\/\/veloclubfaumont.fr\/wp-content\/uploads\/2017\/12\/DSC06724-300x201.jpg 300w, https:\/\/veloclubfaumont.fr\/wp-content\/uploads\/2017\/12\/DSC06724-768x514.jpg 768w, https:\/\/veloclubfaumont.fr\/wp-content\/uploads\/2017\/12\/DSC06724.jpg 1162w\" sizes=\"auto, (max-width: 1024px) 100vw, 1024px\" \/><\/a><em>Au d\u00e9part de Faumont<\/em><\/p>\n<p>Voir les cartes ci-dessous pour plus de d\u00e9tails :<\/p>\n<p style=\"text-align: center;\"><a href=\"https:\/\/veloclubfaumont.fr\/index.php\/2018-2\/chicon-bike-tour-2018-2\/chicon-bike-tour-2018-les-parcours-cyclo\/carte-cyclo-30-45km\/\" rel=\"attachment wp-att-8934\"><img loading=\"lazy\" decoding=\"async\" class=\"alignright size-large wp-image-8934\" src=\"https:\/\/veloclubfaumont.fr\/wp-content\/uploads\/2017\/11\/carte-cyclo-30-45km-852x1024.jpg\" alt=\"\" width=\"852\" height=\"1024\" srcset=\"https:\/\/veloclubfaumont.fr\/wp-content\/uploads\/2017\/11\/carte-cyclo-30-45km-852x1024.jpg 852w, https:\/\/veloclubfaumont.fr\/wp-content\/uploads\/2017\/11\/carte-cyclo-30-45km-250x300.jpg 250w, https:\/\/veloclubfaumont.fr\/wp-content\/uploads\/2017\/11\/carte-cyclo-30-45km-768x923.jpg 768w, https:\/\/veloclubfaumont.fr\/wp-content\/uploads\/2017\/11\/carte-cyclo-30-45km.jpg 1191w\" sizes=\"auto, (max-width: 852px) 100vw, 852px\" \/><\/a><em>Carte des 2 parcours cyclos<\/em><\/p>\n<p style=\"text-align: center;\"><a href=\"https:\/\/veloclubfaumont.fr\/index.php\/2018-2\/chicon-bike-tour-2018-2\/chicon-bike-tour-2018-les-parcours-cyclo\/carte-cyclo-30km\/\" rel=\"attachment wp-att-8935\"><img loading=\"lazy\" decoding=\"async\" class=\"alignright size-large wp-image-8935\" src=\"https:\/\/veloclubfaumont.fr\/wp-content\/uploads\/2017\/11\/carte-cyclo-30km-689x1024.jpg\" alt=\"\" width=\"689\" height=\"1024\" srcset=\"https:\/\/veloclubfaumont.fr\/wp-content\/uploads\/2017\/11\/carte-cyclo-30km-689x1024.jpg 689w, https:\/\/veloclubfaumont.fr\/wp-content\/uploads\/2017\/11\/carte-cyclo-30km-202x300.jpg 202w, https:\/\/veloclubfaumont.fr\/wp-content\/uploads\/2017\/11\/carte-cyclo-30km.jpg 731w\" sizes=\"auto, (max-width: 689px) 100vw, 689px\" \/><\/a><\/p>\n<p style=\"text-align: center;\"><em>Carte du 30 km cyclo<\/em><\/p>\n<p>&nbsp;<script type=\"text\/javascript\" src=\"http:\/\/www.openrunner.com\/orservice\/inorser-script.php?key=mykey&amp;ser=S09&amp;id=8113225&amp;w=800&amp;h=500&amp;hp=128&amp;k=5&amp;m=0&amp;pa=0&amp;c=0&amp;ts=1511962023\"><\/script><\/p>\n<p style=\"text-align: center;\"><img loading=\"lazy\" decoding=\"async\" class=\"size-large wp-image-8936 aligncenter\" src=\"https:\/\/veloclubfaumont.fr\/wp-content\/uploads\/2017\/11\/carte-cyclo-45km-806x1024.jpg\" alt=\"\" width=\"806\" height=\"1024\" srcset=\"https:\/\/veloclubfaumont.fr\/wp-content\/uploads\/2017\/11\/carte-cyclo-45km-806x1024.jpg 806w, https:\/\/veloclubfaumont.fr\/wp-content\/uploads\/2017\/11\/carte-cyclo-45km-236x300.jpg 236w, https:\/\/veloclubfaumont.fr\/wp-content\/uploads\/2017\/11\/carte-cyclo-45km-768x976.jpg 768w, https:\/\/veloclubfaumont.fr\/wp-content\/uploads\/2017\/11\/carte-cyclo-45km.jpg 880w\" sizes=\"auto, (max-width: 806px) 100vw, 806px\" \/><em>Carte du 45 km cyclo<\/em><\/p>\n<p>&nbsp;<script type=\"text\/javascript\" src=\"http:\/\/www.openrunner.com\/orservice\/inorser-script.php?key=mykey&amp;ser=S09&amp;id=8136972&amp;w=800&amp;h=500&amp;hp=128&amp;k=5&amp;m=0&amp;pa=0&amp;c=0&amp;ts=1511961912\"><\/script><\/p>\n","protected":false},"excerpt":{"rendered":"<p>Voici la page g\u00e9n\u00e9rale o\u00f9 sont pr\u00e9sent\u00e9s les 2 parcours cyclos officiels. A noter que cette ann\u00e9e, une nouveaut\u00e9 sera pr\u00e9sente sur les affichages parcours \u00e0 la salle : un&#8230;<\/p>\n","protected":false},"author":1,"featured_media":0,"parent":8612,"menu_order":0,"comment_status":"closed","ping_status":"closed","template":"","meta":{"ngg_post_thumbnail":0,"jetpack_post_was_ever_published":false,"two_page_speed":[],"footnotes":""},"class_list":["post-8933","page","type-page","status-publish","hentry"],"jetpack_sharing_enabled":true,"jetpack_shortlink":"https:\/\/wp.me\/P8bXJp-2k5","_links":{"self":[{"href":"https:\/\/veloclubfaumont.fr\/index.php\/wp-json\/wp\/v2\/pages\/8933","targetHints":{"allow":["GET"]}}],"collection":[{"href":"https:\/\/veloclubfaumont.fr\/index.php\/wp-json\/wp\/v2\/pages"}],"about":[{"href":"https:\/\/veloclubfaumont.fr\/index.php\/wp-json\/wp\/v2\/types\/page"}],"author":[{"embeddable":true,"href":"https:\/\/veloclubfaumont.fr\/index.php\/wp-json\/wp\/v2\/users\/1"}],"replies":[{"embeddable":true,"href":"https:\/\/veloclubfaumont.fr\/index.php\/wp-json\/wp\/v2\/comments?post=8933"}],"version-history":[{"count":0,"href":"https:\/\/veloclubfaumont.fr\/index.php\/wp-json\/wp\/v2\/pages\/8933\/revisions"}],"up":[{"embeddable":true,"href":"https:\/\/veloclubfaumont.fr\/index.php\/wp-json\/wp\/v2\/pages\/8612"}],"wp:attachment":[{"href":"https:\/\/veloclubfaumont.fr\/index.php\/wp-json\/wp\/v2\/media?parent=8933"}],"curies":[{"name":"wp","href":"https:\/\/api.w.org\/{rel}","templated":true}]}}