{"id":9406,"date":"2018-01-05T09:21:58","date_gmt":"2018-01-05T08:21:58","guid":{"rendered":"http:\/\/veloclubfaumont.fr\/?page_id=9406"},"modified":"2018-01-06T09:19:31","modified_gmt":"2018-01-06T08:19:31","slug":"chicon-bike-tour-2018-reconnaissances-et-preparation","status":"publish","type":"page","link":"https:\/\/veloclubfaumont.fr\/index.php\/2018-2\/chicon-bike-tour-2018-2\/chicon-bike-tour-2018-reconnaissances-et-preparation\/","title":{"rendered":"Chicon Bike Tour 2018 : reconnaissances et pr\u00e9paration"},"content":{"rendered":"<p style=\"text-align: justify;\"><a href=\"https:\/\/veloclubfaumont.fr\/index.php\/2018-2\/chicon-bike-tour-2018-2\/chicon-bike-tour-2018-presentation-generale\/plaque-cadre-vtt-2018\/\" rel=\"attachment wp-att-9403\"><img loading=\"lazy\" decoding=\"async\" class=\"alignright wp-image-9403 size-medium\" src=\"https:\/\/veloclubfaumont.fr\/wp-content\/uploads\/2018\/01\/plaque-cadre-vtt-2018-300x211.jpg\" alt=\"\" width=\"300\" height=\"211\" srcset=\"https:\/\/veloclubfaumont.fr\/wp-content\/uploads\/2018\/01\/plaque-cadre-vtt-2018-300x211.jpg 300w, https:\/\/veloclubfaumont.fr\/wp-content\/uploads\/2018\/01\/plaque-cadre-vtt-2018-768x539.jpg 768w, https:\/\/veloclubfaumont.fr\/wp-content\/uploads\/2018\/01\/plaque-cadre-vtt-2018.jpg 799w\" sizes=\"auto, (max-width: 300px) 100vw, 300px\" \/><\/a>Vous trouverez ici les diff\u00e9rents reportages sur l&rsquo;avant <a href=\"https:\/\/veloclubfaumont.fr\/index.php\/2018-2\/chicon-bike-tour-2018-2\/\"><strong><em>Chicon Bike Tour 2018<\/em><\/strong><\/a>, les reconnaissances, la pr\u00e9paration, etc.<\/p>\n<p style=\"padding-left: 30px;\"><a href=\"https:\/\/veloclubfaumont.fr\/index.php\/2017\/12\/10\/sur-les-traces-du-chicon-sous-la-neige\/\">sur les traces du 30km VTT sous la neige<\/a><\/p>\n<p style=\"padding-left: 30px;\"><a href=\"https:\/\/veloclubfaumont.fr\/index.php\/2017\/12\/24\/reconnaissance-de-noel-du-chicon-bike-tour-vtt-30-km\/\">reconnaissance de No\u00ebl du 30km VTT<\/a><\/p>\n<p style=\"padding-left: 30px;\"><a href=\"https:\/\/veloclubfaumont.fr\/index.php\/2017\/12\/31\/cbt-2018-reco-de-la-boucle-devin\/\">reconnaissance de la Boucle d&rsquo;Evin (45 km VTT)<\/a><\/p>\n<p style=\"padding-left: 30px;\"><a href=\"https:\/\/veloclubfaumont.fr\/index.php\/2017\/12\/28\/installation-des-banderoles-du-prochain-chicon-bike-tour-2018\/\">installation des banderoles du CBT 2018<\/a><\/p>\n<p style=\"text-align: center;\"><a href=\"https:\/\/veloclubfaumont.fr\/index.php\/2017\/12\/28\/installation-des-banderoles-du-prochain-chicon-bike-tour-2018\/dsc_0381\/\" rel=\"attachment wp-att-9311\"><img loading=\"lazy\" decoding=\"async\" class=\"aligncenter size-large wp-image-9311\" src=\"https:\/\/veloclubfaumont.fr\/wp-content\/uploads\/2017\/12\/DSC_0381-1024x576.jpg\" alt=\"\" width=\"1024\" height=\"576\" srcset=\"https:\/\/veloclubfaumont.fr\/wp-content\/uploads\/2017\/12\/DSC_0381-1024x576.jpg 1024w, https:\/\/veloclubfaumont.fr\/wp-content\/uploads\/2017\/12\/DSC_0381-300x169.jpg 300w, https:\/\/veloclubfaumont.fr\/wp-content\/uploads\/2017\/12\/DSC_0381-768x432.jpg 768w, https:\/\/veloclubfaumont.fr\/wp-content\/uploads\/2017\/12\/DSC_0381-777x437.jpg 777w, https:\/\/veloclubfaumont.fr\/wp-content\/uploads\/2017\/12\/DSC_0381-260x146.jpg 260w, https:\/\/veloclubfaumont.fr\/wp-content\/uploads\/2017\/12\/DSC_0381-120x67.jpg 120w, https:\/\/veloclubfaumont.fr\/wp-content\/uploads\/2017\/12\/DSC_0381.jpg 2000w\" sizes=\"auto, (max-width: 1024px) 100vw, 1024px\" \/><\/a><a href=\"https:\/\/veloclubfaumont.fr\/vcfaumont-2017-12-31-13h35m51s465\/\"><img loading=\"lazy\" decoding=\"async\" class=\"aligncenter size-large wp-image-9355\" src=\"https:\/\/veloclubfaumont.fr\/wp-content\/uploads\/2017\/12\/vcfaumont-2017-12-31-13h35m51s465-1024x581.jpg\" alt=\"\" width=\"1024\" height=\"581\" srcset=\"https:\/\/veloclubfaumont.fr\/wp-content\/uploads\/2017\/12\/vcfaumont-2017-12-31-13h35m51s465-1024x581.jpg 1024w, https:\/\/veloclubfaumont.fr\/wp-content\/uploads\/2017\/12\/vcfaumont-2017-12-31-13h35m51s465-300x170.jpg 300w, https:\/\/veloclubfaumont.fr\/wp-content\/uploads\/2017\/12\/vcfaumont-2017-12-31-13h35m51s465-768x436.jpg 768w, https:\/\/veloclubfaumont.fr\/wp-content\/uploads\/2017\/12\/vcfaumont-2017-12-31-13h35m51s465-120x67.jpg 120w, https:\/\/veloclubfaumont.fr\/wp-content\/uploads\/2017\/12\/vcfaumont-2017-12-31-13h35m51s465.jpg 1920w\" sizes=\"auto, (max-width: 1024px) 100vw, 1024px\" \/><\/a><a href=\"https:\/\/veloclubfaumont.fr\/vcfaumont-2017-12-24-14h00m49s090\/\"><img loading=\"lazy\" decoding=\"async\" class=\"aligncenter size-large wp-image-9234\" src=\"https:\/\/veloclubfaumont.fr\/wp-content\/uploads\/2017\/12\/vcfaumont-2017-12-24-14h00m49s090-1024x581.jpg\" alt=\"\" width=\"1024\" height=\"581\" srcset=\"https:\/\/veloclubfaumont.fr\/wp-content\/uploads\/2017\/12\/vcfaumont-2017-12-24-14h00m49s090-1024x581.jpg 1024w, https:\/\/veloclubfaumont.fr\/wp-content\/uploads\/2017\/12\/vcfaumont-2017-12-24-14h00m49s090-300x170.jpg 300w, https:\/\/veloclubfaumont.fr\/wp-content\/uploads\/2017\/12\/vcfaumont-2017-12-24-14h00m49s090-768x436.jpg 768w, https:\/\/veloclubfaumont.fr\/wp-content\/uploads\/2017\/12\/vcfaumont-2017-12-24-14h00m49s090-120x67.jpg 120w, https:\/\/veloclubfaumont.fr\/wp-content\/uploads\/2017\/12\/vcfaumont-2017-12-24-14h00m49s090.jpg 1920w\" sizes=\"auto, (max-width: 1024px) 100vw, 1024px\" \/><\/a><a href=\"https:\/\/veloclubfaumont.fr\/index.php\/2017\/12\/10\/sur-les-traces-du-chicon-sous-la-neige\/vcfaumont-2017-12-10-12h42m12s053\/\" rel=\"attachment wp-att-9102\"><img loading=\"lazy\" decoding=\"async\" class=\"aligncenter size-large wp-image-9102\" src=\"https:\/\/veloclubfaumont.fr\/wp-content\/uploads\/2017\/12\/vcfaumont-2017-12-10-12h42m12s053-1024x581.jpg\" alt=\"\" width=\"1024\" height=\"581\" srcset=\"https:\/\/veloclubfaumont.fr\/wp-content\/uploads\/2017\/12\/vcfaumont-2017-12-10-12h42m12s053-1024x581.jpg 1024w, https:\/\/veloclubfaumont.fr\/wp-content\/uploads\/2017\/12\/vcfaumont-2017-12-10-12h42m12s053-300x170.jpg 300w, https:\/\/veloclubfaumont.fr\/wp-content\/uploads\/2017\/12\/vcfaumont-2017-12-10-12h42m12s053-768x436.jpg 768w, https:\/\/veloclubfaumont.fr\/wp-content\/uploads\/2017\/12\/vcfaumont-2017-12-10-12h42m12s053-120x67.jpg 120w, https:\/\/veloclubfaumont.fr\/wp-content\/uploads\/2017\/12\/vcfaumont-2017-12-10-12h42m12s053.jpg 1920w\" sizes=\"auto, (max-width: 1024px) 100vw, 1024px\" \/><\/a><\/p>\n","protected":false},"excerpt":{"rendered":"<p>Vous trouverez ici les diff\u00e9rents reportages sur l&rsquo;avant Chicon Bike Tour 2018, les reconnaissances, la pr\u00e9paration, etc. sur les traces du 30km VTT sous la neige reconnaissance de No\u00ebl du&#8230;<\/p>\n","protected":false},"author":1,"featured_media":0,"parent":8612,"menu_order":0,"comment_status":"closed","ping_status":"closed","template":"","meta":{"ngg_post_thumbnail":0,"jetpack_post_was_ever_published":false,"two_page_speed":[],"footnotes":""},"class_list":["post-9406","page","type-page","status-publish","hentry"],"jetpack_sharing_enabled":true,"jetpack_shortlink":"https:\/\/wp.me\/P8bXJp-2rI","_links":{"self":[{"href":"https:\/\/veloclubfaumont.fr\/index.php\/wp-json\/wp\/v2\/pages\/9406","targetHints":{"allow":["GET"]}}],"collection":[{"href":"https:\/\/veloclubfaumont.fr\/index.php\/wp-json\/wp\/v2\/pages"}],"about":[{"href":"https:\/\/veloclubfaumont.fr\/index.php\/wp-json\/wp\/v2\/types\/page"}],"author":[{"embeddable":true,"href":"https:\/\/veloclubfaumont.fr\/index.php\/wp-json\/wp\/v2\/users\/1"}],"replies":[{"embeddable":true,"href":"https:\/\/veloclubfaumont.fr\/index.php\/wp-json\/wp\/v2\/comments?post=9406"}],"version-history":[{"count":0,"href":"https:\/\/veloclubfaumont.fr\/index.php\/wp-json\/wp\/v2\/pages\/9406\/revisions"}],"up":[{"embeddable":true,"href":"https:\/\/veloclubfaumont.fr\/index.php\/wp-json\/wp\/v2\/pages\/8612"}],"wp:attachment":[{"href":"https:\/\/veloclubfaumont.fr\/index.php\/wp-json\/wp\/v2\/media?parent=9406"}],"curies":[{"name":"wp","href":"https:\/\/api.w.org\/{rel}","templated":true}]}}